{"id":7672,"date":"2017-10-26T14:22:41","date_gmt":"2017-10-26T12:22:41","guid":{"rendered":"http:\/\/www.freundeskreis-hagen-smolensk.de\/de\/?page_id=7672"},"modified":"2017-10-26T14:22:41","modified_gmt":"2017-10-26T12:22:41","slug":"bildende-kunst","status":"publish","type":"page","link":"https:\/\/www.freundeskreis-hagen-smolensk.de\/de\/projekte\/kunst\/bildende-kunst\/","title":{"rendered":"Bildende Kunst"},"content":{"rendered":"<p>Der Freundeskreis Hagen-Smolensk f\u00f6rdert den Austausch von bildenden K\u00fcnstlern aus Smolensk und der Region Hagen.<\/p>\n<p>Beitr\u00e4ge zum Thema Bildende Kunst:<\/p>\n<ul class=\"display-posts-listing\"><li class=\"listing-item\"><a class=\"title\" href=\"https:\/\/www.freundeskreis-hagen-smolensk.de\/de\/2022\/08\/20\/drei-maler-und-eine-malerin-aus-smolensk-treffen-kuenstler-und-kuenstlerinnen-in-hagen\/\">Drei Maler und eine Malerin aus Smolensk treffen K\u00fcnstler und K\u00fcnstlerinnen in Hagen<\/a><\/li><li class=\"listing-item\"><a class=\"title\" href=\"https:\/\/www.freundeskreis-hagen-smolensk.de\/de\/2021\/10\/20\/kunstwerke-des-malers-walter-wichmann-sind-auf-dem-weg-nach-smolensk\/\">Kunstwerke des Malers Walter Wichmann sind auf dem Weg nach Smolensk<\/a><\/li><li class=\"listing-item\"><a class=\"title\" href=\"https:\/\/www.freundeskreis-hagen-smolensk.de\/de\/2019\/12\/11\/peter-blindert-lebt-nicht-mehr\/\">Peter Blindert lebt nicht mehr<\/a><\/li><li class=\"listing-item\"><a class=\"title\" href=\"https:\/\/www.freundeskreis-hagen-smolensk.de\/de\/2019\/03\/26\/26-maerz-2019-buttje-steht-auf-seinem-neuen-sockel-auf-der-badstrassenbruecke\/\">26. M\u00e4rz 2019 Buttje steht auf seinem neuen Sockel auf der Badstra\u00dfenbr\u00fccke<\/a><\/li><li class=\"listing-item\"><a class=\"title\" href=\"https:\/\/www.freundeskreis-hagen-smolensk.de\/de\/2017\/06\/18\/aleksei-dovgan-und-alexander-dolossov-stellen-am-25-06-2017-in-der-koop-k-aus\/\">Aleksei Dovgan und Alexander Dolossov stellen am 25.06.2017 in der KOOP-K aus<\/a><\/li><li class=\"listing-item\"><a class=\"title\" href=\"https:\/\/www.freundeskreis-hagen-smolensk.de\/de\/2017\/01\/23\/kunstkalender-smolensker-maler\/\">Kunstkalender &#8222;Smolensker Maler&#8220;<\/a><\/li><li class=\"listing-item\"><a class=\"title\" href=\"https:\/\/www.freundeskreis-hagen-smolensk.de\/de\/2015\/06\/18\/03-juli-2015-16-00-uhr-junge3kunst-ausstellungseroeffnung-im-haus-der-ruhrkohle-gerichtstr-25-58097-hagen\/\">03. Juli 2015, 16.00 Uhr, &#8222;Junge3Kunst&#8220; &#8211; Ausstellungser\u00f6ffnung im Haus der Ruhrkohle, Gerichtstr. 25, 58097 Hagen<\/a><\/li><li class=\"listing-item\"><a class=\"title\" href=\"https:\/\/www.freundeskreis-hagen-smolensk.de\/de\/2015\/06\/02\/butte-schwimmt-wieder-gegen-den-strom\/\">Buttje schwimmt wieder gegen den Strom<\/a><\/li><li class=\"listing-item\"><a class=\"title\" href=\"https:\/\/www.freundeskreis-hagen-smolensk.de\/de\/2015\/01\/09\/hagenring-mitglieder-bernhard-paura-uwe-will-und-hellwig-puetter-1994-in-smolensk\/\">HAGENRING-Mitglieder, Bernhard Paura, Uwe Will und Hellwig P\u00fctter 1994 in Smolensk<\/a><\/li><li class=\"listing-item\"><a class=\"title\" href=\"https:\/\/www.freundeskreis-hagen-smolensk.de\/de\/2014\/11\/10\/2015-zehn-jahre-freundeskreis-hagen-smolensk-plakatausstellung\/\">2015 &#8222;ZEHN JAHRE&#8220; Freundeskreis Hagen-Smolensk e. V.  &#8211; Plakatausstellung<\/a><\/li><li class=\"listing-item\"><a class=\"title\" href=\"https:\/\/www.freundeskreis-hagen-smolensk.de\/de\/2013\/10\/02\/ubergabe-der-bilder-von-franz-niesen-an-die-burger-von-smolensk-in-der-gemaldegalerie\/\">\u00dcbergabe der Bilder von Franz Nie\u00dfen an die B\u00fcrger von Smolensk in der Gem\u00e4ldegalerie<\/a><\/li><li class=\"listing-item\"><a class=\"title\" href=\"https:\/\/www.freundeskreis-hagen-smolensk.de\/de\/2013\/05\/18\/renommierte-kunstler-gestalten-wettbewerbspreise\/\">Renommierte K\u00fcnstler gestalten Wettbewerbspreise<\/a><\/li><li class=\"listing-item\"><a class=\"title\" href=\"https:\/\/www.freundeskreis-hagen-smolensk.de\/de\/2013\/02\/16\/ausstellung-franz-niesen-mensch-sein-auch-im-krieg-ab-13-03-2013-17-uhr-im-rathaus-an-der-volme-hagen\/\">Ausstellung, Franz Niessen, &#8211; Mensch sein &#8211; auch im Krieg -, ab 13.03.2013, 17 Uhr im Rathaus an der Volme, Hagen<\/a><\/li><li class=\"listing-item\"><a class=\"title\" href=\"https:\/\/www.freundeskreis-hagen-smolensk.de\/de\/2012\/06\/04\/buttje-die-skulptur-von-petr-fishman-ist-wieder-in-der-volme-aufgestellt-worden\/\">Buttje, die Skulptur von Petr Fishman ist wieder in der Volme aufgestellt worden<\/a><\/li><li class=\"listing-item\"><a class=\"title\" href=\"https:\/\/www.freundeskreis-hagen-smolensk.de\/de\/2012\/02\/14\/buttje-wurde-durch-packeis-aus-der-verankerung-gerissen\/\">Buttje wurde durch Packeis aus der Verankerung gerissen<\/a><\/li><li class=\"listing-item\"><a class=\"title\" href=\"https:\/\/www.freundeskreis-hagen-smolensk.de\/de\/2011\/10\/28\/eroffnung-der-smolensker-gemaldegalerie-durch-die-staatlichen-museen-smolensk\/\">Er\u00f6ffnung der &#8222;Smolensker Gem\u00e4ldegalerie&#8220; durch die &#8222;Staatlichen Museen Smolensk&#8220;<\/a><\/li><li class=\"listing-item\"><a class=\"title\" href=\"https:\/\/www.freundeskreis-hagen-smolensk.de\/de\/2011\/08\/11\/sonderausstellung-fur-aleksej-dowgan-in-smolensk\/\">Sonderausstellung f\u00fcr Aleksej Dowgan in Smolensk<\/a><\/li><li class=\"listing-item\"><a class=\"title\" href=\"https:\/\/www.freundeskreis-hagen-smolensk.de\/de\/2011\/05\/06\/buttje-ist-wieder-an-seinem-platz-in-der-volme\/\">&#8222;Buttje&#8220; ist wieder an seinem Platz in der Volme<\/a><\/li><li class=\"listing-item\"><a class=\"title\" href=\"https:\/\/www.freundeskreis-hagen-smolensk.de\/de\/2010\/09\/25\/ausstellung-im-haus-der-kunste-in-smolensk-ab-26-092010\/\">Ausstellung im Haus der K\u00fcnste in Smolensk ab 26.09.2010<\/a><\/li><li class=\"listing-item\"><a class=\"title\" href=\"https:\/\/www.freundeskreis-hagen-smolensk.de\/de\/2010\/07\/09\/im-haus-letmathe-im-lwl-freilichtmuseum-in-hagen-werden-ab-09-juli-werke-von-vier-smolensker-kunstlern-gezeigt\/\">Im Haus &#8222;Letmathe&#8220; im LWL Freilichtmuseum in Hagen werden ab 09. Juli Werke von vier Smolensker K\u00fcnstlern gezeigt<\/a><\/li><li class=\"listing-item\"><a class=\"title\" href=\"https:\/\/www.freundeskreis-hagen-smolensk.de\/de\/2010\/06\/02\/groszugige-spende-an-den-freundeskreis-hagen-smolensk\/\">Gro\u00dfz\u00fcgige Spende an den Freundeskreis Hagen-Smolensk<\/a><\/li><li class=\"listing-item\"><a class=\"title\" href=\"https:\/\/www.freundeskreis-hagen-smolensk.de\/de\/2010\/04\/21\/menschen-und-stadte-heist-die-ausstellung-von-yury-shutov-ab-25042010-in-der-hagenring-galerie\/\">Yury Shutov stellt ab dem 25.04.2010 seine Werke &#8222;Menschen und St\u00e4dte&#8220; in der HAGENRING-Galerie aus<\/a><\/li><li class=\"listing-item\"><a class=\"title\" href=\"https:\/\/www.freundeskreis-hagen-smolensk.de\/de\/2010\/04\/01\/neue-galerie-fur-die-smolensker-museen\/\">Neue Galerie f\u00fcr die Smolensker Museen<\/a><\/li><li class=\"listing-item\"><a class=\"title\" href=\"https:\/\/www.freundeskreis-hagen-smolensk.de\/de\/2010\/03\/31\/ostereichischer-grus-fur-das-staatliche-smolensker-museum\/\">\u00d6stereichischer Gru\u00df f\u00fcr das &#8222;Staatliche Smolensker Museum&#8220;<\/a><\/li><li class=\"listing-item\"><a class=\"title\" href=\"https:\/\/www.freundeskreis-hagen-smolensk.de\/de\/2009\/11\/23\/gemeinschaftsbild-%e2%80%9ehagen-smolensk%e2%80%9c-auf-wanderschaft-durch-hagen\/\">Gemeinschaftsbild \u201eHagen-Smolensk\u201c wieder in der Lobby im Rathaus an der Volme<\/a><\/li><li class=\"listing-item\"><a class=\"title\" href=\"https:\/\/www.freundeskreis-hagen-smolensk.de\/de\/2009\/10\/14\/bernhard-paura-stellt-in-der-hagenring-galerie-aus-vom-2510-24112009\/\">Bernhard Paura stellt in der HAGENRING-Galerie aus, vom 25.10. &#8211; 24.11.2009<\/a><\/li><li class=\"listing-item\"><a class=\"title\" href=\"https:\/\/www.freundeskreis-hagen-smolensk.de\/de\/2009\/08\/28\/gratulation-an-karl-ernst-osthaus-und-emil-schumacher-museum\/\">Gratulation an Karl-Ernst-Osthaus- und Emil-Schumacher-Museum<\/a><\/li><li class=\"listing-item\"><a class=\"title\" href=\"https:\/\/www.freundeskreis-hagen-smolensk.de\/de\/2009\/07\/13\/kunst-im-tennis-club-%e2%80%93-bilder-russischer-maler-werden-bei-blau-gold-hagen-ausgestellt\/\">Kunst im Tennis-Club \u2013 Bilder russischer Maler werden bei Blau-Gold Hagen ausgestellt<\/a><\/li><li class=\"listing-item\"><a class=\"title\" href=\"https:\/\/www.freundeskreis-hagen-smolensk.de\/de\/2009\/04\/20\/offenes-atelier-in-der-volme-galerie-vom-2710-8112008\/\">Offenes Atelier in der Volme-Galerie 30. April und 2.\/3. Mai 2009<\/a><\/li><li class=\"listing-item\"><a class=\"title\" href=\"https:\/\/www.freundeskreis-hagen-smolensk.de\/de\/2009\/04\/20\/stadt-smolensk-ladt-den-fotografenbernd-muller-ein-in-smolensk-auszustellen\/\">Der Fotograf Bernd M\u00fcller stellte in Smolensk aus<\/a><\/li><li class=\"listing-item\"><a class=\"title\" href=\"https:\/\/www.freundeskreis-hagen-smolensk.de\/de\/2008\/11\/05\/kunstaustellung-in-der-smolensker-humanistischen-universitat-mit-hagener-beteilung\/\">Kunstaustellung in der Smolensker Humanistischen Universit\u00e4t mit Hagener Beteilung<\/a><\/li><li class=\"listing-item\"><a class=\"title\" href=\"https:\/\/www.freundeskreis-hagen-smolensk.de\/de\/2008\/09\/30\/aleksey-dovgan-hat-die-preise-fur-das-smolensker-filmfestival-entworfen\/\">Aleksey Dovgan hat die Preise f\u00fcr das Smolensker Filmfestival entworfen<\/a><\/li><li class=\"listing-item\"><a class=\"title\" href=\"https:\/\/www.freundeskreis-hagen-smolensk.de\/de\/2008\/07\/24\/fernsehsender-russia-smolensk-berichtet-uber-den-besuch-von-h-w-engel-in-smolensker-hagener-kunstausst\/\">Fernsehsender RUSSIA-Smolensk berichtet \u00fcber den Besuch von H.-W. Engel in Smolensk-Hagener Kunstausst.<\/a><\/li><li class=\"listing-item\"><a class=\"title\" href=\"https:\/\/www.freundeskreis-hagen-smolensk.de\/de\/2008\/06\/10\/gemeinschaftsausstellung-b-muller-und-b-paura-mit-smolensker-kunstlern-in-smolensk\/\">Gemeinschaftsausstellung B. M\u00fcller und B. Paura mit Smolensker K\u00fcnstlern in Smolensk<\/a><\/li><li class=\"listing-item\"><a class=\"title\" href=\"https:\/\/www.freundeskreis-hagen-smolensk.de\/de\/2008\/05\/30\/live-sendung-uber-den-freundeskreis-hagen-smolensk-im-russischen-staatsradio\/\">Live-Sendung \u00fcber den Freundeskreis Hagen-Smolensk im russischen Staatsradio<\/a><\/li><li class=\"listing-item\"><a class=\"title\" href=\"https:\/\/www.freundeskreis-hagen-smolensk.de\/de\/2008\/04\/20\/kunstdozenten-und-kunststudenten-aus-smolensk-in-hagen\/\">Kunstdozenten und Kunststudenten aus Smolensk in Hagen<\/a><\/li><li class=\"listing-item\"><a class=\"title\" href=\"https:\/\/www.freundeskreis-hagen-smolensk.de\/de\/2008\/02\/24\/ausstellung-fotokunstprojekt-von-bernd-muller-in-hagen\/\">Ausstellung &#8222;FOTO.KUNST.PROJEKT&#8220; von Bernd M\u00fcller in Hagen<\/a><\/li><li class=\"listing-item\"><a class=\"title\" href=\"https:\/\/www.freundeskreis-hagen-smolensk.de\/de\/2007\/08\/20\/symposium-mit-smolensker-und-hagener-kunstlern\/\">Symposium mit Smolensker und Hagener K\u00fcnstlern<\/a><\/li><li class=\"listing-item\"><a class=\"title\" href=\"https:\/\/www.freundeskreis-hagen-smolensk.de\/de\/2006\/11\/05\/klugheit-vor-dem-wasserband-am-ehemaligen-blauen-haus\/\">&#8222;Klugheit&#8220; vor dem Wasserband am ehemaligen blauen Haus<\/a><\/li><li class=\"listing-item\"><a class=\"title\" href=\"https:\/\/www.freundeskreis-hagen-smolensk.de\/de\/2006\/09\/25\/buttje-wird-feierlich-enthullt\/\">&#8222;Buttje&#8220; wird feierlich enth\u00fcllt<\/a><\/li><li class=\"listing-item\"><a class=\"title\" href=\"https:\/\/www.freundeskreis-hagen-smolensk.de\/de\/2005\/11\/25\/smolensker-kunstler-im-karl-ernst-osthaus-museum\/\">Smolensker K\u00fcnstler im Karl-Ernst-Osthaus-Museum<\/a><\/li><li class=\"listing-item\"><a class=\"title\" href=\"https:\/\/www.freundeskreis-hagen-smolensk.de\/de\/2005\/09\/02\/bildhauerprojekt-skulpturen-zum-20-jubilaum-der-partnerschaft-hagen-smolensk\/\">Bildhauerprojekt &#8211; Skulpturen zum 20 Jubil\u00e4um der Partnerschaft Hagen-Smolensk<\/a><\/li><li class=\"listing-item\"><a class=\"title\" href=\"https:\/\/www.freundeskreis-hagen-smolensk.de\/de\/2005\/08\/24\/projekt-%e2%80%9ebildhauer-aus-smolensk%e2%80%9c\/\">Projekt \u201eBildhauer aus Smolensk\u201c<\/a><\/li><\/ul>\n","protected":false},"excerpt":{"rendered":"<p>Der Freundeskreis Hagen-Smolensk f\u00f6rdert den Austausch von bildenden K\u00fcnstlern aus Smolensk und der Region Hagen. Beitr\u00e4ge zum Thema Bildende Kunst:<\/p>\n","protected":false},"author":1,"featured_media":0,"parent":7653,"menu_order":0,"comment_status":"closed","ping_status":"closed","template":"","meta":{"ngg_post_thumbnail":0},"_links":{"self":[{"href":"https:\/\/www.freundeskreis-hagen-smolensk.de\/de\/wp-json\/wp\/v2\/pages\/7672"}],"collection":[{"href":"https:\/\/www.freundeskreis-hagen-smolensk.de\/de\/wp-json\/wp\/v2\/pages"}],"about":[{"href":"https:\/\/www.freundeskreis-hagen-smolensk.de\/de\/wp-json\/wp\/v2\/types\/page"}],"author":[{"embeddable":true,"href":"https:\/\/www.freundeskreis-hagen-smolensk.de\/de\/wp-json\/wp\/v2\/users\/1"}],"replies":[{"embeddable":true,"href":"https:\/\/www.freundeskreis-hagen-smolensk.de\/de\/wp-json\/wp\/v2\/comments?post=7672"}],"version-history":[{"count":1,"href":"https:\/\/www.freundeskreis-hagen-smolensk.de\/de\/wp-json\/wp\/v2\/pages\/7672\/revisions"}],"predecessor-version":[{"id":7673,"href":"https:\/\/www.freundeskreis-hagen-smolensk.de\/de\/wp-json\/wp\/v2\/pages\/7672\/revisions\/7673"}],"up":[{"embeddable":true,"href":"https:\/\/www.freundeskreis-hagen-smolensk.de\/de\/wp-json\/wp\/v2\/pages\/7653"}],"wp:attachment":[{"href":"https:\/\/www.freundeskreis-hagen-smolensk.de\/de\/wp-json\/wp\/v2\/media?parent=7672"}],"curies":[{"name":"wp","href":"https:\/\/api.w.org\/{rel}","templated":true}]}}