{"id":7655,"date":"2017-10-26T11:19:25","date_gmt":"2017-10-26T09:19:25","guid":{"rendered":"http:\/\/www.freundeskreis-hagen-smolensk.de\/de\/?page_id=7655"},"modified":"2019-11-08T11:59:58","modified_gmt":"2019-11-08T09:59:58","slug":"junge-kunst","status":"publish","type":"page","link":"https:\/\/www.freundeskreis-hagen-smolensk.de\/de\/projekte\/kunst\/junge-kunst\/","title":{"rendered":"Junge Kunst"},"content":{"rendered":"<p>&#8222;Junge Kunst&#8220; ist ein Projekt des Freundeskreises Hagen-Smolensk, das sich ausschlie\u00dflich an junge K\u00fcnstlerinnen und K\u00fcnstler (18-26 Jahre) aus der Region Hagen und Smolensk richtet.<\/p>\n<p>Ab dem 1.12.2019 l\u00e4uft die Bewerbung f\u00fcr <a href=\"http:\/\/www.freundeskreis-hagen-smolensk.de\/de\/projekte\/kunst\/junge-kunst\/junge5kunst\/\">Junge5Kunst<\/a>!<\/p>\n<p><!-- Aktuell:\n\n<a href=\"http:\/\/www.freundeskreis-hagen-smolensk.de\/de\/projekte\/kunst\/junge-kunst\/bewerbung2018\/\">Ausschreibung Junge<span style=\"color: #000000;\"><strong>4<\/strong><\/span>Kunst<\/a> (mit Bewerbungsformular)\n--><br \/>\n&nbsp;<\/p>\n<p>Beitr\u00e4ge zum Thema Junge Kunst:<\/p>\n<ul class=\"display-posts-listing\"><li class=\"listing-item\"><a class=\"title\" href=\"https:\/\/www.freundeskreis-hagen-smolensk.de\/de\/2019\/10\/28\/foto-tagebuch-junge4kunst-28-juli-bis-08-august-2019-in-hagen\/\">Foto-Tagebuch, Junge4Kunst, 28. Juli bis 08. August 2019 in Hagen<\/a><\/li><li class=\"listing-item\"><a class=\"title\" href=\"https:\/\/www.freundeskreis-hagen-smolensk.de\/de\/2019\/10\/22\/tagebuch-junge4kunst-in-smolensk-vom-26-05-bis-07-07-2019\/\">Foto-Tagebuch &#8222;Junge4Kunst&#8220; in Smolensk vom 26.05. bis 07.07.2019<\/a><\/li><li class=\"listing-item\"><a class=\"title\" href=\"https:\/\/www.freundeskreis-hagen-smolensk.de\/de\/2018\/10\/22\/verleihung-der-preise-an-die-smolensker-preistraegerinnen-am-14-10-2018\/\">Verleihung der Preise an die Smolensker Preistr\u00e4gerinnen am 14.10.2018<\/a><\/li><li class=\"listing-item\"><a class=\"title\" href=\"https:\/\/www.freundeskreis-hagen-smolensk.de\/de\/2018\/05\/30\/preisverleihung-wettbewerb-junge-4-kunst\/\">Preisverleihung Wettbewerb Junge 4 Kunst am 8.06.2018, 16 Uhr in der FernUniversit\u00e4t in Hagen<\/a><\/li><li class=\"listing-item\"><a class=\"title\" href=\"https:\/\/www.freundeskreis-hagen-smolensk.de\/de\/2018\/05\/28\/2018-junge4kunst-vernissage-in-der-fernuniversitaet-hagen\/\">2018 Junge4Kunst -Vernissage in der Fernuniversit\u00e4t Hagen<\/a><\/li><li class=\"listing-item\"><a class=\"title\" href=\"https:\/\/www.freundeskreis-hagen-smolensk.de\/de\/2016\/08\/09\/tagebuch-junge3kunst-vom-24-07-bis-06-08-2016-in-hagen-hwe\/\">TAGEBUCH \u201eJUNGE3KUNST\u201c VOM 24.07. BIS 06.08.2016 IN HAGEN (HWE)<\/a><\/li><li class=\"listing-item\"><a class=\"title\" href=\"https:\/\/www.freundeskreis-hagen-smolensk.de\/de\/2016\/06\/05\/tagebuch-junge3kunst-vom-21-05-bis-04-062016-in-smolensk-hwe\/\">Tagebuch \u201eJunge3Kunst\u201c vom 21.05. bis 04.062016 in Smolensk (HWE)<\/a><\/li><li class=\"listing-item\"><a class=\"title\" href=\"https:\/\/www.freundeskreis-hagen-smolensk.de\/de\/2015\/07\/28\/der-preistraeger-und-die-preistraegerinnen-erlebten-eine-sehr-stimmungsvolle-verleihungsfeier\/\">Der Preistr\u00e4ger und die Preistr\u00e4gerinnen erlebten eine sehr stimmungsvolle Verleihungsfeier<\/a><\/li><li class=\"listing-item\"><a class=\"title\" href=\"https:\/\/www.freundeskreis-hagen-smolensk.de\/de\/2015\/07\/05\/ausstellungseroeffnung-wettbewerb-junge3kunst-im-haus-der-ruhrhohle-gerichtet-25-in-hagen\/\">Ausstellungser\u00f6ffnung &#8211; Wettbewerb &#8222;Junge3Kunst&#8220; im Haus der Ruhrhohle, Gerichtsstr. 25 in Hagen<\/a><\/li><li class=\"listing-item\"><a class=\"title\" href=\"https:\/\/www.freundeskreis-hagen-smolensk.de\/de\/2014\/12\/29\/wettbewerb-junge3kunst-20152016\/\">Wettbewerb &#8222;Junge3Kunst&#8220; 2015\/2016<\/a><\/li><li class=\"listing-item\"><a class=\"title\" href=\"https:\/\/www.freundeskreis-hagen-smolensk.de\/de\/2014\/10\/23\/dia-slide-show-olga-kourova-ueber-die-reise-der-preistraeger-nach-smolensk-im-maijuni-2014\/\">DIA-SHOW &#8211; Olga Kourova \u00fcber die Reise der Preistr\u00e4ger nach Smolensk im Mai\/Juni 2014<\/a><\/li><li class=\"listing-item\"><a class=\"title\" href=\"https:\/\/www.freundeskreis-hagen-smolensk.de\/de\/2014\/08\/05\/junge2kunst-tagebuch-02-08-2014\/\">&#8222;Junge2Kunst&#8220; Tagebuch &#8211; 02.08.2014 &#8211; 14.08.2014<\/a><\/li><li class=\"listing-item\"><a class=\"title\" href=\"https:\/\/www.freundeskreis-hagen-smolensk.de\/de\/2014\/07\/19\/einladung-zur-vernissage-junge2kunst-in-die-hagenring-galerie-am-10-08-14-11-uhr\/\">Einladung zur Vernissage &#8222;Junge2Kunst&#8220; in die HAGENRING-Galerie am 10.08.14, 11 Uhr<\/a><\/li><li class=\"listing-item\"><a class=\"title\" href=\"https:\/\/www.freundeskreis-hagen-smolensk.de\/de\/2014\/07\/09\/vernissage-zur-ausstellung-der-werke-der-preistragerinnen-10-08-2014-11-uhr-in-der-hagenring-galerie\/\">Vernissage zur Ausstellung der Werke der Preistr\u00e4ger\/innen 10.08.2014, 11 Uhr in der HAGENRING-Galerie<\/a><\/li><li class=\"listing-item\"><a class=\"title\" href=\"https:\/\/www.freundeskreis-hagen-smolensk.de\/de\/2014\/05\/25\/tagebuch-junge2kunst-maijuni-2014-in-smolensk\/\">Tagebuch &#8222;Junge2Kunst&#8220; Mai\/Juni 2014 in Smolensk<\/a><\/li><li class=\"listing-item\"><a class=\"title\" href=\"https:\/\/www.freundeskreis-hagen-smolensk.de\/de\/2014\/05\/19\/forderstudienreise-der-hagener-preistragerinnen-und-des-preistragers-nach-smolensk\/\">F\u00f6rderstudienreise der Hagener Preistr\u00e4gerinnen und des Preistr\u00e4gers nach Smolensk<\/a><\/li><li class=\"listing-item\"><a class=\"title\" href=\"https:\/\/www.freundeskreis-hagen-smolensk.de\/de\/2014\/03\/21\/junge2kunst-hagen-smolensk-die-smolensker-preistragerin\/\">&#8222;Junge2Kunst&#8220; Hagen-Smolensk &#8211; Die Smolensker Preistr\u00e4ger\/in<\/a><\/li><li class=\"listing-item\"><a class=\"title\" href=\"https:\/\/www.freundeskreis-hagen-smolensk.de\/de\/2013\/10\/31\/junge-2-kunst-in-smolensk-preisverleihung-im-tenishova-kulturzentrum\/\">&#8222;Junge 2 Kunst&#8220; in Smolensk &#8211; Preisverleihung im Teneshova-Kulturzentrum<\/a><\/li><li class=\"listing-item\"><a class=\"title\" href=\"https:\/\/www.freundeskreis-hagen-smolensk.de\/de\/2013\/07\/19\/stimmungsvolle-preisverleihung-junge2kunst-im-sparkassen-karree\/\">Stimmungsvolle Preisverleihung &#8222;Junge2Kunst&#8220; im Sparkassen-Karree<\/a><\/li><li class=\"listing-item\"><a class=\"title\" href=\"https:\/\/www.freundeskreis-hagen-smolensk.de\/de\/2013\/07\/09\/sieben-bewerberinnen-und-bewerber-sind-noch-im-wettbewerb-um-die-drei-zu-vergebenden-kunstpreise\/\">Sieben Bewerberinnen und Bewerber sind noch im Wettbewerb um die drei zu vergebenden Kunstpreise<\/a><\/li><li class=\"listing-item\"><a class=\"title\" href=\"https:\/\/www.freundeskreis-hagen-smolensk.de\/de\/2013\/07\/05\/eroffnung-der-ausstellung-junge-2-kunst-hagen-smolensk-im-sparkassen-karree\/\">Er\u00f6ffnung der Ausstellung &#8222;Junge 2 Kunst&#8220; Hagen-Smolensk im Sparkassen-Karree<\/a><\/li><li class=\"listing-item\"><a class=\"title\" href=\"https:\/\/www.freundeskreis-hagen-smolensk.de\/de\/2013\/07\/02\/aufbau-der-ausstellung-junge-2-kunst-im-sparkassen-karree\/\">Aufbau der Ausstellung &#8222;Junge 2 Kunst&#8220; im Sparkassen-Karree<\/a><\/li><li class=\"listing-item\"><a class=\"title\" href=\"https:\/\/www.freundeskreis-hagen-smolensk.de\/de\/2013\/06\/10\/junge-2-kunst-ausstellung-der-wettbewerbsteilnehmer-innen-ab-4-7-2013-und-preisverleihung-am-18-7-2013\/\">&#8222;Junge 2 Kunst&#8220;, Ausstellung der Wettbewerbsteilnehmer\/-innen ab 4.7.2013 und Preisverleihung am 18.7.2013<\/a><\/li><li class=\"listing-item\"><a class=\"title\" href=\"https:\/\/www.freundeskreis-hagen-smolensk.de\/de\/2013\/06\/07\/%e2%80%9ejunge-kunst-2-hagen-smolensk%e2%80%9c-%e2%80%93-auswahl-der-bewerber-fur-die-ausstellung-im-%e2%80%9esparkassen-karree%e2%80%9c\/\">\u201eJunge 2 Kunst&#8220; Hagen-Smolensk \u2013 Auswahl der Bewerber f\u00fcr die Ausstellung im \u201eSparkassen-Karree\u201c<\/a><\/li><li class=\"listing-item\"><a class=\"title\" href=\"https:\/\/www.freundeskreis-hagen-smolensk.de\/de\/2013\/05\/18\/renommierte-kunstler-gestalten-wettbewerbspreise\/\">Renommierte K\u00fcnstler gestalten Wettbewerbspreise<\/a><\/li><li class=\"listing-item\"><a class=\"title\" href=\"https:\/\/www.freundeskreis-hagen-smolensk.de\/de\/2012\/10\/31\/junge-kunst-hagen-smolensk-2-2013-bis-2014\/\">&#8222;Junge 2 Kunst&#8220; Hagen-Smolensk &#8211; 2013 bis 2014<\/a><\/li><li class=\"listing-item\"><a class=\"title\" href=\"https:\/\/www.freundeskreis-hagen-smolensk.de\/de\/2012\/09\/05\/dokumentation-des-aufenthaltes-der-preistrager-junge-kunst-hagen-smolensk-in-hagen\/\">Dokumentation des Aufenthaltes der Preistr\u00e4ger &#8222;Junge Kunst Hagen-Smolensk&#8220; in Hagen<\/a><\/li><li class=\"listing-item\"><a class=\"title\" href=\"https:\/\/www.freundeskreis-hagen-smolensk.de\/de\/2012\/07\/20\/09-september-2012-junge-kunst-hagen-smolensk-ausstellung-der-preistragerinnen-und-des-preistragers\/\">09. September 2012 &#8222;Junge Kunst Hagen-Smolensk&#8220; &#8211; Ausstellung der Preistr\u00e4gerinnen und des Preistr\u00e4gers<\/a><\/li><li class=\"listing-item\"><a class=\"title\" href=\"https:\/\/www.freundeskreis-hagen-smolensk.de\/de\/2012\/04\/18\/junge-kunst-hagen-solensk-austellung-der-hagener-preistrager-ab-10-mai-2012-in-der-markischen-bank-frankfurter-str-89\/\">&#8222;Junge Kunst Hagen-Smolensk&#8220; Austellung der Hagener Preistr\u00e4ger, ab 10. Mai 2012 in der M\u00e4rkischen Bank, Frankfurter Str. 89<\/a><\/li><li class=\"listing-item\"><a class=\"title\" href=\"https:\/\/www.freundeskreis-hagen-smolensk.de\/de\/2012\/04\/03\/preistraeger-junge-kunst-hagen-smolensk-in-smolensk-tagebuch\/\">Junge Kunst Hagen-Smolensk &#8211; Tagebuch in Smolensk &#8211; 1. bis 14. April 2012<\/a><\/li><li class=\"listing-item\"><a class=\"title\" href=\"https:\/\/www.freundeskreis-hagen-smolensk.de\/de\/2012\/02\/03\/der-preistrager-und-die-preistragerinnen-des-wettbewerbs-junge-kunst-hagen-smolensk-2012\/\">Der Preistr\u00e4ger und die Preistr\u00e4gerinnen des Wettbewerbs &#8222;Junge Kunst Hagen-Smolensk&#8220; 2012<\/a><\/li><li class=\"listing-item\"><a class=\"title\" href=\"https:\/\/www.freundeskreis-hagen-smolensk.de\/de\/2011\/10\/08\/wettbewerbsausschreibung-junge-kunst-hagen-smolensk\/\">Wettbewerb &#8222;Junge Kunst Hagen-Smolensk&#8220; 2012<\/a><\/li><\/ul>\n","protected":false},"excerpt":{"rendered":"<p>&#8222;Junge Kunst&#8220; ist ein Projekt des Freundeskreises Hagen-Smolensk, das sich ausschlie\u00dflich an junge K\u00fcnstlerinnen und K\u00fcnstler (18-26 Jahre) aus der Region Hagen und Smolensk richtet. Ab dem 1.12.2019 l\u00e4uft die Bewerbung f\u00fcr Junge5Kunst! &nbsp; Beitr\u00e4ge zum Thema Junge Kunst:<\/p>\n","protected":false},"author":1,"featured_media":0,"parent":7653,"menu_order":0,"comment_status":"closed","ping_status":"closed","template":"","meta":{"ngg_post_thumbnail":0},"_links":{"self":[{"href":"https:\/\/www.freundeskreis-hagen-smolensk.de\/de\/wp-json\/wp\/v2\/pages\/7655"}],"collection":[{"href":"https:\/\/www.freundeskreis-hagen-smolensk.de\/de\/wp-json\/wp\/v2\/pages"}],"about":[{"href":"https:\/\/www.freundeskreis-hagen-smolensk.de\/de\/wp-json\/wp\/v2\/types\/page"}],"author":[{"embeddable":true,"href":"https:\/\/www.freundeskreis-hagen-smolensk.de\/de\/wp-json\/wp\/v2\/users\/1"}],"replies":[{"embeddable":true,"href":"https:\/\/www.freundeskreis-hagen-smolensk.de\/de\/wp-json\/wp\/v2\/comments?post=7655"}],"version-history":[{"count":14,"href":"https:\/\/www.freundeskreis-hagen-smolensk.de\/de\/wp-json\/wp\/v2\/pages\/7655\/revisions"}],"predecessor-version":[{"id":24097,"href":"https:\/\/www.freundeskreis-hagen-smolensk.de\/de\/wp-json\/wp\/v2\/pages\/7655\/revisions\/24097"}],"up":[{"embeddable":true,"href":"https:\/\/www.freundeskreis-hagen-smolensk.de\/de\/wp-json\/wp\/v2\/pages\/7653"}],"wp:attachment":[{"href":"https:\/\/www.freundeskreis-hagen-smolensk.de\/de\/wp-json\/wp\/v2\/media?parent=7655"}],"curies":[{"name":"wp","href":"https:\/\/api.w.org\/{rel}","templated":true}]}}