{"id":24414,"date":"2021-02-08T13:23:19","date_gmt":"2021-02-08T11:23:19","guid":{"rendered":"http:\/\/www.freundeskreis-hagen-smolensk.de\/de\/?page_id=24414"},"modified":"2021-02-08T13:38:38","modified_gmt":"2021-02-08T11:38:38","slug":"katherine-tinteren-klitzke","status":"publish","type":"page","link":"https:\/\/www.freundeskreis-hagen-smolensk.de\/de\/pandemie-kunst\/katherine-tinteren-klitzke\/","title":{"rendered":"Katherine Tinteren-Klitzke"},"content":{"rendered":"<p><img loading=\"lazy\" class=\"alignnone wp-image-24413\" src=\"http:\/\/www.freundeskreis-hagen-smolensk.de\/de\/wp-content\/uploads\/t_tinteren.png\" alt=\"\" width=\"250\" height=\"250\" srcset=\"https:\/\/www.freundeskreis-hagen-smolensk.de\/de\/wp-content\/uploads\/t_tinteren.png 500w, https:\/\/www.freundeskreis-hagen-smolensk.de\/de\/wp-content\/uploads\/t_tinteren-150x150.png 150w, https:\/\/www.freundeskreis-hagen-smolensk.de\/de\/wp-content\/uploads\/t_tinteren-250x250.png 250w\" sizes=\"(max-width: 250px) 100vw, 250px\" \/> <img loading=\"lazy\" class=\"alignnone size-full wp-image-24418\" src=\"http:\/\/www.freundeskreis-hagen-smolensk.de\/de\/wp-content\/uploads\/tinteren.jpg\" alt=\"\" width=\"375\" height=\"250\"><\/p>\n<div>\n<p>Katherine Tinteren-Klitzke (Jg. 1949) ist K\u00fcnstlerin und lebt in Bochum. Sie ist Mitglied im <a href=\"http:\/\/hagenring.com\">HAGENRING-e.V.<\/a>.<\/p>\n<p><a href=\"https:\/\/www.tinteren-k.de\/\" target=\"_blank\" rel=\"noopener noreferrer\">Website<\/a><\/p>\n<\/div>\n<hr>\n<p>Werke:<\/p>\n<figure id=\"attachment_24412\" aria-describedby=\"caption-attachment-24412\" style=\"width: 1280px\" class=\"wp-caption alignnone\"><img loading=\"lazy\" class=\"size-full wp-image-24412\" src=\"http:\/\/www.freundeskreis-hagen-smolensk.de\/de\/wp-content\/uploads\/tinteren_obdach_2020_r3.jpg\" alt=\"Katherine Tinteren-Klitzke\" width=\"1280\" height=\"1280\" srcset=\"https:\/\/www.freundeskreis-hagen-smolensk.de\/de\/wp-content\/uploads\/tinteren_obdach_2020_r3.jpg 1280w, https:\/\/www.freundeskreis-hagen-smolensk.de\/de\/wp-content\/uploads\/tinteren_obdach_2020_r3-700x700.jpg 700w, https:\/\/www.freundeskreis-hagen-smolensk.de\/de\/wp-content\/uploads\/tinteren_obdach_2020_r3-1024x1024.jpg 1024w, https:\/\/www.freundeskreis-hagen-smolensk.de\/de\/wp-content\/uploads\/tinteren_obdach_2020_r3-150x150.jpg 150w, https:\/\/www.freundeskreis-hagen-smolensk.de\/de\/wp-content\/uploads\/tinteren_obdach_2020_r3-768x768.jpg 768w, https:\/\/www.freundeskreis-hagen-smolensk.de\/de\/wp-content\/uploads\/tinteren_obdach_2020_r3-250x250.jpg 250w\" sizes=\"(max-width: 1280px) 100vw, 1280px\" \/><figcaption id=\"caption-attachment-24412\" class=\"wp-caption-text\">Obdach<\/figcaption><\/figure>\n<figure id=\"attachment_24411\" aria-describedby=\"caption-attachment-24411\" style=\"width: 956px\" class=\"wp-caption alignnone\"><img loading=\"lazy\" class=\"size-full wp-image-24411\" src=\"http:\/\/www.freundeskreis-hagen-smolensk.de\/de\/wp-content\/uploads\/tinteren_notizen-aus_drei_zeitebenen_2017_r3.jpg\" alt=\"Katherine Tinteren-Klitzke\" width=\"956\" height=\"1280\" srcset=\"https:\/\/www.freundeskreis-hagen-smolensk.de\/de\/wp-content\/uploads\/tinteren_notizen-aus_drei_zeitebenen_2017_r3.jpg 956w, https:\/\/www.freundeskreis-hagen-smolensk.de\/de\/wp-content\/uploads\/tinteren_notizen-aus_drei_zeitebenen_2017_r3-523x700.jpg 523w, https:\/\/www.freundeskreis-hagen-smolensk.de\/de\/wp-content\/uploads\/tinteren_notizen-aus_drei_zeitebenen_2017_r3-765x1024.jpg 765w, https:\/\/www.freundeskreis-hagen-smolensk.de\/de\/wp-content\/uploads\/tinteren_notizen-aus_drei_zeitebenen_2017_r3-768x1028.jpg 768w\" sizes=\"(max-width: 956px) 100vw, 956px\" \/><figcaption id=\"caption-attachment-24411\" class=\"wp-caption-text\">Notizen aus drei Zeitebenen<\/figcaption><\/figure>\n<figure id=\"attachment_24410\" aria-describedby=\"caption-attachment-24410\" style=\"width: 1280px\" class=\"wp-caption alignnone\"><img loading=\"lazy\" class=\"size-full wp-image-24410\" src=\"http:\/\/www.freundeskreis-hagen-smolensk.de\/de\/wp-content\/uploads\/tinteren_gelb_2020_r3.jpg\" alt=\"Katherine Tinteren-Klitzke\" width=\"1280\" height=\"960\" srcset=\"https:\/\/www.freundeskreis-hagen-smolensk.de\/de\/wp-content\/uploads\/tinteren_gelb_2020_r3.jpg 1280w, https:\/\/www.freundeskreis-hagen-smolensk.de\/de\/wp-content\/uploads\/tinteren_gelb_2020_r3-700x525.jpg 700w, https:\/\/www.freundeskreis-hagen-smolensk.de\/de\/wp-content\/uploads\/tinteren_gelb_2020_r3-1024x768.jpg 1024w, https:\/\/www.freundeskreis-hagen-smolensk.de\/de\/wp-content\/uploads\/tinteren_gelb_2020_r3-768x576.jpg 768w\" sizes=\"(max-width: 1280px) 100vw, 1280px\" \/><figcaption id=\"caption-attachment-24410\" class=\"wp-caption-text\">Gelb<\/figcaption><\/figure>\n<figure id=\"attachment_24409\" aria-describedby=\"caption-attachment-24409\" style=\"width: 1280px\" class=\"wp-caption alignnone\"><img loading=\"lazy\" class=\"size-full wp-image-24409\" src=\"http:\/\/www.freundeskreis-hagen-smolensk.de\/de\/wp-content\/uploads\/tinteren_einschluesse_2019_r3.jpg\" alt=\"Katherine Tinteren-Klitzke\" width=\"1280\" height=\"960\" srcset=\"https:\/\/www.freundeskreis-hagen-smolensk.de\/de\/wp-content\/uploads\/tinteren_einschluesse_2019_r3.jpg 1280w, https:\/\/www.freundeskreis-hagen-smolensk.de\/de\/wp-content\/uploads\/tinteren_einschluesse_2019_r3-700x525.jpg 700w, https:\/\/www.freundeskreis-hagen-smolensk.de\/de\/wp-content\/uploads\/tinteren_einschluesse_2019_r3-1024x768.jpg 1024w, https:\/\/www.freundeskreis-hagen-smolensk.de\/de\/wp-content\/uploads\/tinteren_einschluesse_2019_r3-768x576.jpg 768w\" sizes=\"(max-width: 1280px) 100vw, 1280px\" \/><figcaption id=\"caption-attachment-24409\" class=\"wp-caption-text\">Einschl\u00fcsse<\/figcaption><\/figure>\n<figure id=\"attachment_24408\" aria-describedby=\"caption-attachment-24408\" style=\"width: 1280px\" class=\"wp-caption alignnone\"><img loading=\"lazy\" class=\"size-full wp-image-24408\" src=\"http:\/\/www.freundeskreis-hagen-smolensk.de\/de\/wp-content\/uploads\/tinteren_tag-fuer-tag_2021_r3.jpg\" alt=\"Katherine Tinteren-Klitzke\" width=\"1280\" height=\"1280\" srcset=\"https:\/\/www.freundeskreis-hagen-smolensk.de\/de\/wp-content\/uploads\/tinteren_tag-fuer-tag_2021_r3.jpg 1280w, https:\/\/www.freundeskreis-hagen-smolensk.de\/de\/wp-content\/uploads\/tinteren_tag-fuer-tag_2021_r3-700x700.jpg 700w, https:\/\/www.freundeskreis-hagen-smolensk.de\/de\/wp-content\/uploads\/tinteren_tag-fuer-tag_2021_r3-1024x1024.jpg 1024w, https:\/\/www.freundeskreis-hagen-smolensk.de\/de\/wp-content\/uploads\/tinteren_tag-fuer-tag_2021_r3-150x150.jpg 150w, https:\/\/www.freundeskreis-hagen-smolensk.de\/de\/wp-content\/uploads\/tinteren_tag-fuer-tag_2021_r3-768x768.jpg 768w, https:\/\/www.freundeskreis-hagen-smolensk.de\/de\/wp-content\/uploads\/tinteren_tag-fuer-tag_2021_r3-250x250.jpg 250w\" sizes=\"(max-width: 1280px) 100vw, 1280px\" \/><figcaption id=\"caption-attachment-24408\" class=\"wp-caption-text\">Tag f\u00fcr Tag<\/figcaption><\/figure>\n<p>Mit einem \u00fcber Jahre zusammengetragenen Fundus aus Erb- und Fundst\u00fccken sowie St\u00fccke aus der eigenen, ehemaligen Textilwerkstatt greift sie auf Personen, Orte und Geschichten zur\u00fcck. Die Collagen sind das Ergebnis der spielerischen \u00dcbertragung materieller Eigenschaften von einem Medium ins andere. Der alte Kontext wird dabei nicht aufgel\u00f6st, sondern bleibt durch die neu hervorgerufenen Assoziationen hindurch sichtbar.<\/p>\n","protected":false},"excerpt":{"rendered":"<p>Katherine Tinteren-Klitzke (Jg. 1949) ist K\u00fcnstlerin und lebt in Bochum. Sie ist Mitglied im HAGENRING-e.V.. Website Werke: Mit einem \u00fcber Jahre zusammengetragenen Fundus aus Erb- und Fundst\u00fccken sowie St\u00fccke aus der eigenen, ehemaligen Textilwerkstatt greift sie auf Personen, Orte und Geschichten zur\u00fcck. Die Collagen sind das Ergebnis der spielerischen \u00dcbertragung materieller Eigenschaften von einem Medium&hellip; <span class=\"kuorinka-read-more\"><a href=\"https:\/\/www.freundeskreis-hagen-smolensk.de\/de\/pandemie-kunst\/katherine-tinteren-klitzke\/\" class=\"more-link\">Weiterlesen <span class=\"screen-reader-text\">Katherine Tinteren-Klitzke<\/span><\/a><\/span><\/p>\n","protected":false},"author":1,"featured_media":0,"parent":24241,"menu_order":0,"comment_status":"closed","ping_status":"closed","template":"","meta":{"ngg_post_thumbnail":0},"_links":{"self":[{"href":"https:\/\/www.freundeskreis-hagen-smolensk.de\/de\/wp-json\/wp\/v2\/pages\/24414"}],"collection":[{"href":"https:\/\/www.freundeskreis-hagen-smolensk.de\/de\/wp-json\/wp\/v2\/pages"}],"about":[{"href":"https:\/\/www.freundeskreis-hagen-smolensk.de\/de\/wp-json\/wp\/v2\/types\/page"}],"author":[{"embeddable":true,"href":"https:\/\/www.freundeskreis-hagen-smolensk.de\/de\/wp-json\/wp\/v2\/users\/1"}],"replies":[{"embeddable":true,"href":"https:\/\/www.freundeskreis-hagen-smolensk.de\/de\/wp-json\/wp\/v2\/comments?post=24414"}],"version-history":[{"count":3,"href":"https:\/\/www.freundeskreis-hagen-smolensk.de\/de\/wp-json\/wp\/v2\/pages\/24414\/revisions"}],"predecessor-version":[{"id":24419,"href":"https:\/\/www.freundeskreis-hagen-smolensk.de\/de\/wp-json\/wp\/v2\/pages\/24414\/revisions\/24419"}],"up":[{"embeddable":true,"href":"https:\/\/www.freundeskreis-hagen-smolensk.de\/de\/wp-json\/wp\/v2\/pages\/24241"}],"wp:attachment":[{"href":"https:\/\/www.freundeskreis-hagen-smolensk.de\/de\/wp-json\/wp\/v2\/media?parent=24414"}],"curies":[{"name":"wp","href":"https:\/\/api.w.org\/{rel}","templated":true}]}}