{"id":24317,"date":"2021-02-05T01:45:02","date_gmt":"2021-02-04T23:45:02","guid":{"rendered":"http:\/\/www.freundeskreis-hagen-smolensk.de\/de\/?page_id=24317"},"modified":"2021-02-07T12:35:35","modified_gmt":"2021-02-07T10:35:35","slug":"niklas-berndt","status":"publish","type":"page","link":"https:\/\/www.freundeskreis-hagen-smolensk.de\/de\/pandemie-kunst\/niklas-berndt\/","title":{"rendered":"Niklas Berndt"},"content":{"rendered":"<p><img loading=\"lazy\" class=\"alignnone wp-image-24340\" src=\"http:\/\/www.freundeskreis-hagen-smolensk.de\/de\/wp-content\/uploads\/t_berndt.png\" alt=\"\" width=\"250\" height=\"250\" srcset=\"https:\/\/www.freundeskreis-hagen-smolensk.de\/de\/wp-content\/uploads\/t_berndt.png 500w, https:\/\/www.freundeskreis-hagen-smolensk.de\/de\/wp-content\/uploads\/t_berndt-150x150.png 150w, https:\/\/www.freundeskreis-hagen-smolensk.de\/de\/wp-content\/uploads\/t_berndt-250x250.png 250w\" sizes=\"(max-width: 250px) 100vw, 250px\" \/> <img loading=\"lazy\" class=\"alignnone size-full wp-image-24405\" src=\"http:\/\/www.freundeskreis-hagen-smolensk.de\/de\/wp-content\/uploads\/berndt.jpg\" alt=\"\" width=\"188\" height=\"250\"><\/p>\n<div>\n<p>Niklas Berndt (Jg. 1995) aus Hagen studiert Kunst und Kunstwissenschaft an der TU Dortmund. Er ist Preistr\u00e4ger 2018 des Wettbewerbs <a href=\"http:\/\/www.freundeskreis-hagen-smolensk.de\/de\/projekte\/kunst\/junge-kunst\/\">Junge Kunst<\/a> des Freundeskreises Hagen-Smolensk.<\/p>\n<p><a href=\"http:\/\/www.niklasberndt.com\" target=\"_blank\" rel=\"noopener noreferrer\">Website<\/a><\/p>\n<\/div>\n<hr>\n<p>Werke:<\/p>\n<figure id=\"attachment_24312\" aria-describedby=\"caption-attachment-24312\" style=\"width: 905px\" class=\"wp-caption alignnone\"><img loading=\"lazy\" class=\"size-full wp-image-24312\" src=\"http:\/\/www.freundeskreis-hagen-smolensk.de\/de\/wp-content\/uploads\/berndt3.jpg\" alt=\"Niklas Berndt\" width=\"905\" height=\"1280\"><figcaption id=\"caption-attachment-24312\" class=\"wp-caption-text\">Cam-Scans 1<\/figcaption><\/figure>\n<figure id=\"attachment_24313\" aria-describedby=\"caption-attachment-24313\" style=\"width: 905px\" class=\"wp-caption alignnone\"><img loading=\"lazy\" class=\"size-full wp-image-24313\" src=\"http:\/\/www.freundeskreis-hagen-smolensk.de\/de\/wp-content\/uploads\/berndt4.jpg\" alt=\"Niklas Berndt\" width=\"905\" height=\"1280\"><figcaption id=\"caption-attachment-24313\" class=\"wp-caption-text\">Cam-Scans 2<\/figcaption><\/figure>\n<figure id=\"attachment_24314\" aria-describedby=\"caption-attachment-24314\" style=\"width: 905px\" class=\"wp-caption alignnone\"><img loading=\"lazy\" class=\"size-full wp-image-24314\" src=\"http:\/\/www.freundeskreis-hagen-smolensk.de\/de\/wp-content\/uploads\/berndt5.jpg\" alt=\"Niklas Berndt\" width=\"905\" height=\"1280\"><figcaption id=\"caption-attachment-24314\" class=\"wp-caption-text\">Cam-Scans 3<\/figcaption><\/figure>\n<p>&nbsp;<\/p>\n<figure id=\"attachment_24315\" aria-describedby=\"caption-attachment-24315\" style=\"width: 1280px\" class=\"wp-caption alignnone\"><img loading=\"lazy\" class=\"size-full wp-image-24315\" src=\"http:\/\/www.freundeskreis-hagen-smolensk.de\/de\/wp-content\/uploads\/berndt1.jpg\" alt=\"Niklas Berndt\" width=\"1280\" height=\"853\" srcset=\"https:\/\/www.freundeskreis-hagen-smolensk.de\/de\/wp-content\/uploads\/berndt1.jpg 1280w, https:\/\/www.freundeskreis-hagen-smolensk.de\/de\/wp-content\/uploads\/berndt1-700x466.jpg 700w, https:\/\/www.freundeskreis-hagen-smolensk.de\/de\/wp-content\/uploads\/berndt1-1024x682.jpg 1024w, https:\/\/www.freundeskreis-hagen-smolensk.de\/de\/wp-content\/uploads\/berndt1-768x512.jpg 768w\" sizes=\"(max-width: 1280px) 100vw, 1280px\" \/><figcaption id=\"caption-attachment-24315\" class=\"wp-caption-text\">Covid-19-Wheelbench 1 (Distant Socializing instead of Social Distancing!)<\/figcaption><\/figure>\n<figure id=\"attachment_24316\" aria-describedby=\"caption-attachment-24316\" style=\"width: 1280px\" class=\"wp-caption alignnone\"><img loading=\"lazy\" class=\"size-full wp-image-24316\" src=\"http:\/\/www.freundeskreis-hagen-smolensk.de\/de\/wp-content\/uploads\/berndt2.jpg\" alt=\"Niklas Berndt\" width=\"1280\" height=\"853\" srcset=\"https:\/\/www.freundeskreis-hagen-smolensk.de\/de\/wp-content\/uploads\/berndt2.jpg 1280w, https:\/\/www.freundeskreis-hagen-smolensk.de\/de\/wp-content\/uploads\/berndt2-700x466.jpg 700w, https:\/\/www.freundeskreis-hagen-smolensk.de\/de\/wp-content\/uploads\/berndt2-1024x682.jpg 1024w, https:\/\/www.freundeskreis-hagen-smolensk.de\/de\/wp-content\/uploads\/berndt2-768x512.jpg 768w\" sizes=\"(max-width: 1280px) 100vw, 1280px\" \/><figcaption id=\"caption-attachment-24316\" class=\"wp-caption-text\">Covid-19-Wheelbench 2 (Distant Socializing instead of Social Distancing!)<\/figcaption><\/figure>\n<p><strong>\u201eCam-Scans # A Still Life Series\u201c<\/strong>, 2020<br \/>\nDigital bearbeitete und \u00fcberlagerte Scans<br \/>\nDie Serie Cam-Scans # A Still Life Series verr\u00fcckt verschiedene analoge Foto- bzw. Videokameras (Nikon F50; Canon AE-1; Konica MT-9; LOEWE. PROFI H801) mit digitalen Hilfsmitteln in eine ungew\u00f6hnliche Situation: Die bilderzeugenden Apparate werden selbst zum Bildgegenstand und ihre Funktion wird somit ad absurdum gef\u00fchrt. Teilweise auseinandergebaut, versatzst\u00fcckartig aneinander gesetzt, verschwommen, verschlungen, verdreht oder gestaffelt erzeugen die Ger\u00e4te eine verkl\u00e4rte, surreale Stimmung, die auch die ein oder andere Endnutzer*in in Zeiten von Physical Distancing, Homeoffice oder Homeschooling hin und wieder zu ergreifen vermag.<\/p>\n<p><strong>\u201eCOVID-19-Wheelbench (Distant Socializing instead of Social Distancing!)\u201c, 2020<\/strong><br \/>\nDie COVID-19-Wheelbench (Distant Socializing instead of Social Distancing!) erm\u00f6glicht ein Gespr\u00e4ch zwischen zwei Individuen bei gleichzeitiger Einhaltung des Mindestabstands von 1,5 Metern und schafft so einen Ort, um soziale Distanz zu \u00fcberwinden und eine nicht-taktile N\u00e4he neu zu entdecken. Das eigent\u00fcmliche Objekt aus upgecyceltem Holz ist durch ein angebrachtes Schubkarrenrad mobil, sodass es eine flexible Raumaneignung und ungeplante soziale Begegnungen im \u00f6ffentlichen Raum unter Beachtung der Corona-Auflagen erm\u00f6glicht. Die R\u00fcckenlehne hat einen angenehmen Neigungswinkel von 10 Grad.<br \/>\nDas Stadtm\u00f6bel erscheint in reduzierter Materialit\u00e4t und einer simplen Formensprache, doch es \u00fcberrascht, irritiert und entfaltet eventuell auch sein Provokationspotenzial: Mit Ausma\u00dfen von ca. 114x410x55 cm (die Sitzfl\u00e4chen messen jeweils ca. 66x50x43 cm und haben einen Abstand von genau 150 cm zueinander) ist es f\u00fcr eine Sitzbank nicht nur ungew\u00f6hnlich lang, sondern unterstreicht auch durch seine un\u00fcblich hohen Sitzfl\u00e4chen die eigenwillige Situation f\u00fcr die Rezipient*innen, die auf ihr Platz nehmen. Sie verr\u00fcckt die Wahrnehmung von N\u00e4he und Distanz und stellt neue kommunikative M\u00f6glichkeiten zur Verf\u00fcgung. Die COVID-19-Wheelbench verteidigt die Sitzbank als Symbol b\u00fcrgerlicher Freiheit. Es spielt keine Rolle, ob die Sitzbank im Gr\u00fcnen, in der Fu\u00dfg\u00e4ngerzone oder im Ausstellungsraum steht: Hinsetzten mit Abstand ist jederzeit erlaubt \u2013 am besten zu zweit.<\/p>\n<p>Material: (Alt)-Holz, Dauerschutzlasur, Schrauben, Muttern, Unterlegscheiben, Achse,<br \/>\nMetallhalterungen, Schubkarrenrad<br \/>\nMa\u00dfe (gesamt): ca. 114x410x55 cm<br \/>\nMa\u00dfe (Sitzfl\u00e4chen): ca. 66x50x43 cm mit einem Abstand von genau 150 cm zueinander<br \/>\nJahr: 2020<\/p>\n","protected":false},"excerpt":{"rendered":"<p>Niklas Berndt (Jg. 1995) aus Hagen studiert Kunst und Kunstwissenschaft an der TU Dortmund. Er ist Preistr\u00e4ger 2018 des Wettbewerbs Junge Kunst des Freundeskreises Hagen-Smolensk. Website Werke: &nbsp; \u201eCam-Scans # A Still Life Series\u201c, 2020 Digital bearbeitete und \u00fcberlagerte Scans Die Serie Cam-Scans # A Still Life Series verr\u00fcckt verschiedene analoge Foto- bzw. Videokameras (Nikon&hellip; <span class=\"kuorinka-read-more\"><a href=\"https:\/\/www.freundeskreis-hagen-smolensk.de\/de\/pandemie-kunst\/niklas-berndt\/\" class=\"more-link\">Weiterlesen <span class=\"screen-reader-text\">Niklas Berndt<\/span><\/a><\/span><\/p>\n","protected":false},"author":1,"featured_media":0,"parent":24241,"menu_order":0,"comment_status":"closed","ping_status":"closed","template":"","meta":{"ngg_post_thumbnail":0},"_links":{"self":[{"href":"https:\/\/www.freundeskreis-hagen-smolensk.de\/de\/wp-json\/wp\/v2\/pages\/24317"}],"collection":[{"href":"https:\/\/www.freundeskreis-hagen-smolensk.de\/de\/wp-json\/wp\/v2\/pages"}],"about":[{"href":"https:\/\/www.freundeskreis-hagen-smolensk.de\/de\/wp-json\/wp\/v2\/types\/page"}],"author":[{"embeddable":true,"href":"https:\/\/www.freundeskreis-hagen-smolensk.de\/de\/wp-json\/wp\/v2\/users\/1"}],"replies":[{"embeddable":true,"href":"https:\/\/www.freundeskreis-hagen-smolensk.de\/de\/wp-json\/wp\/v2\/comments?post=24317"}],"version-history":[{"count":11,"href":"https:\/\/www.freundeskreis-hagen-smolensk.de\/de\/wp-json\/wp\/v2\/pages\/24317\/revisions"}],"predecessor-version":[{"id":24406,"href":"https:\/\/www.freundeskreis-hagen-smolensk.de\/de\/wp-json\/wp\/v2\/pages\/24317\/revisions\/24406"}],"up":[{"embeddable":true,"href":"https:\/\/www.freundeskreis-hagen-smolensk.de\/de\/wp-json\/wp\/v2\/pages\/24241"}],"wp:attachment":[{"href":"https:\/\/www.freundeskreis-hagen-smolensk.de\/de\/wp-json\/wp\/v2\/media?parent=24317"}],"curies":[{"name":"wp","href":"https:\/\/api.w.org\/{rel}","templated":true}]}}