{"id":24291,"date":"2021-02-04T01:15:51","date_gmt":"2021-02-03T23:15:51","guid":{"rendered":"http:\/\/www.freundeskreis-hagen-smolensk.de\/de\/?page_id=24291"},"modified":"2021-02-05T23:46:11","modified_gmt":"2021-02-05T21:46:11","slug":"olga-engel","status":"publish","type":"page","link":"https:\/\/www.freundeskreis-hagen-smolensk.de\/de\/pandemie-kunst\/olga-engel\/","title":{"rendered":"Olga Engel"},"content":{"rendered":"<div>\n<p><img loading=\"lazy\" class=\"alignnone wp-image-24345\" src=\"http:\/\/www.freundeskreis-hagen-smolensk.de\/de\/wp-content\/uploads\/t_oengel.png\" alt=\"\" width=\"250\" height=\"250\" srcset=\"https:\/\/www.freundeskreis-hagen-smolensk.de\/de\/wp-content\/uploads\/t_oengel.png 500w, https:\/\/www.freundeskreis-hagen-smolensk.de\/de\/wp-content\/uploads\/t_oengel-150x150.png 150w, https:\/\/www.freundeskreis-hagen-smolensk.de\/de\/wp-content\/uploads\/t_oengel-250x250.png 250w\" sizes=\"(max-width: 250px) 100vw, 250px\" \/> <img loading=\"lazy\" class=\"alignnone wp-image-24290\" src=\"http:\/\/www.freundeskreis-hagen-smolensk.de\/de\/wp-content\/uploads\/engel.jpg\" alt=\"\" width=\"196\" height=\"250\"><\/p>\n<p>Dr. Olga Engel (Jg. 1956), Germanistin und promovierte P\u00e4dagogin, stammt aus einer K\u00fcnstlerfamilie in Smolensk und lebt heute in Hagen. Sie zeichnete schon fr\u00fch Karrikaturen und Stadtansichten. Seit einigen Jahren arbeitet sie mit \u00d6lfarben.<\/p>\n<p><a href=\"mailto:info@freundeskreis-hagen-smolensk.de\" target=\"_blank\" rel=\"noopener noreferrer\">E-Mail<\/a><\/p>\n<\/div>\n<hr>\n<p>Werke:<\/p>\n<figure id=\"attachment_24257\" aria-describedby=\"caption-attachment-24257\" style=\"width: 952px\" class=\"wp-caption alignnone\"><img loading=\"lazy\" class=\"size-full wp-image-24257\" src=\"http:\/\/www.freundeskreis-hagen-smolensk.de\/de\/wp-content\/uploads\/oe1.jpg\" alt=\"Olga Engel\" width=\"952\" height=\"1280\" srcset=\"https:\/\/www.freundeskreis-hagen-smolensk.de\/de\/wp-content\/uploads\/oe1.jpg 952w, https:\/\/www.freundeskreis-hagen-smolensk.de\/de\/wp-content\/uploads\/oe1-521x700.jpg 521w, https:\/\/www.freundeskreis-hagen-smolensk.de\/de\/wp-content\/uploads\/oe1-762x1024.jpg 762w, https:\/\/www.freundeskreis-hagen-smolensk.de\/de\/wp-content\/uploads\/oe1-768x1033.jpg 768w\" sizes=\"(max-width: 952px) 100vw, 952px\" \/><figcaption id=\"caption-attachment-24257\" class=\"wp-caption-text\">Cuxhafen 1, 2020<\/figcaption><\/figure>\n<figure id=\"attachment_24258\" aria-describedby=\"caption-attachment-24258\" style=\"width: 969px\" class=\"wp-caption alignnone\"><img loading=\"lazy\" class=\"size-full wp-image-24258\" src=\"http:\/\/www.freundeskreis-hagen-smolensk.de\/de\/wp-content\/uploads\/oe2.jpg\" alt=\"Olga Engel\" width=\"969\" height=\"1280\" srcset=\"https:\/\/www.freundeskreis-hagen-smolensk.de\/de\/wp-content\/uploads\/oe2.jpg 969w, https:\/\/www.freundeskreis-hagen-smolensk.de\/de\/wp-content\/uploads\/oe2-530x700.jpg 530w, https:\/\/www.freundeskreis-hagen-smolensk.de\/de\/wp-content\/uploads\/oe2-775x1024.jpg 775w, https:\/\/www.freundeskreis-hagen-smolensk.de\/de\/wp-content\/uploads\/oe2-768x1014.jpg 768w\" sizes=\"(max-width: 969px) 100vw, 969px\" \/><figcaption id=\"caption-attachment-24258\" class=\"wp-caption-text\">Cuxhafen 2, 2020<\/figcaption><\/figure>\n<figure id=\"attachment_24259\" aria-describedby=\"caption-attachment-24259\" style=\"width: 938px\" class=\"wp-caption alignnone\"><img loading=\"lazy\" class=\"size-full wp-image-24259\" src=\"http:\/\/www.freundeskreis-hagen-smolensk.de\/de\/wp-content\/uploads\/oe3.jpg\" alt=\"Olga Engel\" width=\"938\" height=\"1280\" srcset=\"https:\/\/www.freundeskreis-hagen-smolensk.de\/de\/wp-content\/uploads\/oe3.jpg 938w, https:\/\/www.freundeskreis-hagen-smolensk.de\/de\/wp-content\/uploads\/oe3-513x700.jpg 513w, https:\/\/www.freundeskreis-hagen-smolensk.de\/de\/wp-content\/uploads\/oe3-750x1024.jpg 750w, https:\/\/www.freundeskreis-hagen-smolensk.de\/de\/wp-content\/uploads\/oe3-768x1048.jpg 768w\" sizes=\"(max-width: 938px) 100vw, 938px\" \/><figcaption id=\"caption-attachment-24259\" class=\"wp-caption-text\">Aix en Provence, 2020<\/figcaption><\/figure>\n","protected":false},"excerpt":{"rendered":"<p>Dr. Olga Engel (Jg. 1956), Germanistin und promovierte P\u00e4dagogin, stammt aus einer K\u00fcnstlerfamilie in Smolensk und lebt heute in Hagen. Sie zeichnete schon fr\u00fch Karrikaturen und Stadtansichten. Seit einigen Jahren arbeitet sie mit \u00d6lfarben. E-Mail Werke:<\/p>\n","protected":false},"author":1,"featured_media":0,"parent":24241,"menu_order":0,"comment_status":"closed","ping_status":"closed","template":"","meta":{"ngg_post_thumbnail":0},"_links":{"self":[{"href":"https:\/\/www.freundeskreis-hagen-smolensk.de\/de\/wp-json\/wp\/v2\/pages\/24291"}],"collection":[{"href":"https:\/\/www.freundeskreis-hagen-smolensk.de\/de\/wp-json\/wp\/v2\/pages"}],"about":[{"href":"https:\/\/www.freundeskreis-hagen-smolensk.de\/de\/wp-json\/wp\/v2\/types\/page"}],"author":[{"embeddable":true,"href":"https:\/\/www.freundeskreis-hagen-smolensk.de\/de\/wp-json\/wp\/v2\/users\/1"}],"replies":[{"embeddable":true,"href":"https:\/\/www.freundeskreis-hagen-smolensk.de\/de\/wp-json\/wp\/v2\/comments?post=24291"}],"version-history":[{"count":4,"href":"https:\/\/www.freundeskreis-hagen-smolensk.de\/de\/wp-json\/wp\/v2\/pages\/24291\/revisions"}],"predecessor-version":[{"id":24374,"href":"https:\/\/www.freundeskreis-hagen-smolensk.de\/de\/wp-json\/wp\/v2\/pages\/24291\/revisions\/24374"}],"up":[{"embeddable":true,"href":"https:\/\/www.freundeskreis-hagen-smolensk.de\/de\/wp-json\/wp\/v2\/pages\/24241"}],"wp:attachment":[{"href":"https:\/\/www.freundeskreis-hagen-smolensk.de\/de\/wp-json\/wp\/v2\/media?parent=24291"}],"curies":[{"name":"wp","href":"https:\/\/api.w.org\/{rel}","templated":true}]}}