{"id":24236,"date":"2021-02-03T21:04:39","date_gmt":"2021-02-03T19:04:39","guid":{"rendered":"http:\/\/www.freundeskreis-hagen-smolensk.de\/de\/?page_id=24236"},"modified":"2021-10-07T19:16:16","modified_gmt":"2021-10-07T17:16:16","slug":"2021-2","status":"publish","type":"page","link":"https:\/\/www.freundeskreis-hagen-smolensk.de\/de\/jahresprogramm\/2021-2\/","title":{"rendered":"2021"},"content":{"rendered":"<table style=\"width: 956.1875px;\">\n<tbody>\n<tr>\n<td style=\"width: 955.1875px;\">\n<p style=\"text-align: center;\"><strong>36. Jahr der Partnerschaft Hagen\u2013Smolensk<\/strong><\/p>\n<\/td>\n<\/tr>\n<tr>\n<td style=\"text-align: center; width: 955.1875px;\">16. Jahr Freundeskreis Hagen-Smolensk e.V<\/td>\n<\/tr>\n<tr>\n<td style=\"text-align: center; width: 955.1875px;\">Stand der Planung: 06.03.2021<\/td>\n<\/tr>\n<tr>\n<td style=\"width: 955.1875px; text-align: center;\"><em>2. Jahr der Conrona-Pandemie (seit dem 16. M\u00e4rz 2020 geht\u00a0<\/em><i>nicht mehr viel)<\/i><\/td>\n<\/tr>\n<\/tbody>\n<\/table>\n<p>&nbsp;<\/p>\n<table style=\"width: 1314px;\">\n<tbody>\n<tr>\n<td style=\"width: 198px;\">14.01.2021<\/td>\n<td style=\"width: 759px;\"><b>Kassenpr\u00fcfung<\/b><\/td>\n<td style=\"width: 357px;\"><\/td>\n<\/tr>\n<tr>\n<td style=\"width: 198px;\"><\/td>\n<td style=\"width: 759px;\"><u>Ansprechpartner<\/u>: Vorstand<\/td>\n<td style=\"width: 357px;\"><\/td>\n<\/tr>\n<tr>\n<td style=\"width: 198px;\">ab Mitte Februar 2021<\/td>\n<td style=\"width: 759px;\"><strong>Virtuelle\u00a0<\/strong><b>Ausstellung der\u00a0Werke von Smolensker und Hagener K\u00fcnstlerinnen und\u00a0K\u00fcnstler auf unserer Internetseite<\/b><\/td>\n<td style=\"width: 357px;\"><\/td>\n<\/tr>\n<tr>\n<td style=\"width: 198px;\"><\/td>\n<td style=\"width: 759px;\">Ansprechpartner: Bernd M\u00fcller und Hans-Werner Engel<\/td>\n<td style=\"width: 357px;\"><\/td>\n<\/tr>\n<tr>\n<td style=\"width: 198px;\">April 2021<\/td>\n<td style=\"width: 759px;\"><strong>Reise von Mitgliedern des Vereins nach Smolesnk<\/strong><\/td>\n<td style=\"width: 357px;\"><\/td>\n<\/tr>\n<tr>\n<td style=\"width: 198px;\"><\/td>\n<td style=\"width: 759px;\"><\/td>\n<td style=\"width: 357px;\"><\/td>\n<\/tr>\n<tr>\n<td style=\"width: 198px;\">23. Juli 2021<\/td>\n<td style=\"width: 759px;\"><strong>Jahreshauptversammlung \u00a0<\/strong><\/td>\n<td style=\"width: 357px;\"><\/td>\n<\/tr>\n<tr>\n<td style=\"width: 198px;\"><\/td>\n<td style=\"width: 759px;\"><\/td>\n<td style=\"width: 357px;\"><\/td>\n<\/tr>\n<tr>\n<td style=\"width: 198px;\"><\/td>\n<td style=\"width: 759px;\"><\/td>\n<td style=\"width: 357px;\"><\/td>\n<\/tr>\n<tr>\n<td style=\"width: 198px;\">August 2021<\/td>\n<td style=\"width: 759px;\"><strong>Vorstandsdelegation in Smolensk<\/strong><\/td>\n<td style=\"width: 357px;\"><\/td>\n<\/tr>\n<tr>\n<td style=\"width: 198px;\"><\/td>\n<td style=\"width: 759px;\">Besprechung von zuk\u00fcnftigen \u00a0Projekten mit dem Kammertheater, der Gem\u00e4ldegalerie, der Philharmonie, sowie mit zahlreichen K\u00fcnstlerinnen und K\u00fcnstlern.<\/td>\n<td style=\"width: 357px;\"><\/td>\n<\/tr>\n<tr>\n<td style=\"width: 198px;\"><\/td>\n<td style=\"width: 759px;\">Treffen mit smolensker Mitgliedern des Vereins<\/td>\n<td style=\"width: 357px;\"><\/td>\n<\/tr>\n<tr>\n<td style=\"width: 198px;\"><\/td>\n<td style=\"width: 759px;\"><\/td>\n<td style=\"width: 357px;\"><\/td>\n<\/tr>\n<tr>\n<td style=\"width: 198px;\">November 2021<\/td>\n<td style=\"width: 759px;\"><strong>\u00a0<\/strong><b>Herbstabend ??<\/b><\/td>\n<td style=\"width: 357px;\"><\/td>\n<\/tr>\n<tr>\n<td style=\"width: 198px;\"><\/td>\n<td style=\"width: 759px;\"><\/td>\n<td style=\"width: 357px;\"><\/td>\n<\/tr>\n<tr>\n<td style=\"width: 198px;\">Dezember 2021<\/td>\n<td style=\"width: 759px;\"><strong>Ausschreibung des Wettbewerbs &#8222;Junge5Kunst&#8220; 2022\/2023<\/strong><\/td>\n<td style=\"width: 357px;\"><\/td>\n<\/tr>\n<tr>\n<td style=\"width: 198px;\"><\/td>\n<td style=\"width: 759px;\">Ansprechpartner und Ansprechpartnerin: Bernd M\u00fcller, Hans-Werner Engel und Verena M\u00fcller<\/td>\n<td style=\"width: 357px;\"><\/td>\n<\/tr>\n<tr>\n<td style=\"width: 198px;\"><\/td>\n<td style=\"width: 759px;\"><\/td>\n<td style=\"width: 357px;\"><\/td>\n<\/tr>\n<tr>\n<td style=\"width: 198px;\"><\/td>\n<td style=\"width: 759px;\"><\/td>\n<td style=\"width: 357px;\"><\/td>\n<\/tr>\n<tr>\n<td style=\"width: 198px;\"><\/td>\n<td style=\"width: 759px;\"><\/td>\n<td style=\"width: 357px;\"><\/td>\n<\/tr>\n<tr>\n<td style=\"width: 198px;\"><\/td>\n<td style=\"width: 759px;\"><\/td>\n<td style=\"width: 357px;\"><\/td>\n<\/tr>\n<tr>\n<td style=\"width: 198px;\"><\/td>\n<td style=\"width: 759px;\"><\/td>\n<td style=\"width: 357px;\"><\/td>\n<\/tr>\n<tr>\n<td style=\"width: 198px;\"><\/td>\n<td style=\"width: 759px;\"><\/td>\n<td style=\"width: 357px;\"><\/td>\n<\/tr>\n<tr>\n<td style=\"width: 198px;\"><\/td>\n<td style=\"width: 759px;\"><\/td>\n<td style=\"width: 357px;\"><\/td>\n<\/tr>\n<tr>\n<td style=\"width: 198px;\"><\/td>\n<td style=\"width: 759px;\"><\/td>\n<td style=\"width: 357px;\"><\/td>\n<\/tr>\n<tr>\n<td style=\"width: 198px;\"><\/td>\n<td style=\"width: 759px;\"><\/td>\n<td style=\"width: 357px;\"><\/td>\n<\/tr>\n<tr>\n<td style=\"width: 198px;\"><\/td>\n<td style=\"width: 759px;\"><\/td>\n<td style=\"width: 357px;\"><\/td>\n<\/tr>\n<tr>\n<td style=\"width: 198px;\"><\/td>\n<td style=\"width: 759px;\"><\/td>\n<td style=\"width: 357px;\"><\/td>\n<\/tr>\n<tr>\n<td style=\"width: 198px;\"><\/td>\n<td style=\"width: 759px;\"><strong>\u00a0<\/strong><\/td>\n<td style=\"width: 357px;\"><\/td>\n<\/tr>\n<\/tbody>\n<\/table>\n<p>&nbsp;<\/p>\n","protected":false},"excerpt":{"rendered":"<p>36. Jahr der Partnerschaft Hagen\u2013Smolensk 16. Jahr Freundeskreis Hagen-Smolensk e.V Stand der Planung: 06.03.2021 2. Jahr der Conrona-Pandemie (seit dem 16. M\u00e4rz 2020 geht\u00a0nicht mehr viel) &nbsp; 14.01.2021 Kassenpr\u00fcfung Ansprechpartner: Vorstand ab Mitte Februar 2021 Virtuelle\u00a0Ausstellung der\u00a0Werke von Smolensker und Hagener K\u00fcnstlerinnen und\u00a0K\u00fcnstler auf unserer Internetseite Ansprechpartner: Bernd M\u00fcller und Hans-Werner Engel April 2021 Reise&hellip; <span class=\"kuorinka-read-more\"><a href=\"https:\/\/www.freundeskreis-hagen-smolensk.de\/de\/jahresprogramm\/2021-2\/\" class=\"more-link\">Weiterlesen <span class=\"screen-reader-text\">2021<\/span><\/a><\/span><\/p>\n","protected":false},"author":4,"featured_media":0,"parent":34,"menu_order":0,"comment_status":"closed","ping_status":"closed","template":"","meta":{"ngg_post_thumbnail":0},"_links":{"self":[{"href":"https:\/\/www.freundeskreis-hagen-smolensk.de\/de\/wp-json\/wp\/v2\/pages\/24236"}],"collection":[{"href":"https:\/\/www.freundeskreis-hagen-smolensk.de\/de\/wp-json\/wp\/v2\/pages"}],"about":[{"href":"https:\/\/www.freundeskreis-hagen-smolensk.de\/de\/wp-json\/wp\/v2\/types\/page"}],"author":[{"embeddable":true,"href":"https:\/\/www.freundeskreis-hagen-smolensk.de\/de\/wp-json\/wp\/v2\/users\/4"}],"replies":[{"embeddable":true,"href":"https:\/\/www.freundeskreis-hagen-smolensk.de\/de\/wp-json\/wp\/v2\/comments?post=24236"}],"version-history":[{"count":6,"href":"https:\/\/www.freundeskreis-hagen-smolensk.de\/de\/wp-json\/wp\/v2\/pages\/24236\/revisions"}],"predecessor-version":[{"id":24865,"href":"https:\/\/www.freundeskreis-hagen-smolensk.de\/de\/wp-json\/wp\/v2\/pages\/24236\/revisions\/24865"}],"up":[{"embeddable":true,"href":"https:\/\/www.freundeskreis-hagen-smolensk.de\/de\/wp-json\/wp\/v2\/pages\/34"}],"wp:attachment":[{"href":"https:\/\/www.freundeskreis-hagen-smolensk.de\/de\/wp-json\/wp\/v2\/media?parent=24236"}],"curies":[{"name":"wp","href":"https:\/\/api.w.org\/{rel}","templated":true}]}}