{"id":24180,"date":"2020-02-01T23:16:13","date_gmt":"2020-02-01T21:16:13","guid":{"rendered":"http:\/\/www.freundeskreis-hagen-smolensk.de\/de\/?page_id=24180"},"modified":"2020-02-01T23:16:13","modified_gmt":"2020-02-01T21:16:13","slug":"junge-5-kunst-bewerbungsformular","status":"publish","type":"page","link":"https:\/\/www.freundeskreis-hagen-smolensk.de\/de\/projekte\/kunst\/junge-kunst\/junge5kunst\/junge-5-kunst-bewerbungsformular\/","title":{"rendered":"Junge 5 Kunst Bewerbungsformular"},"content":{"rendered":"<div class=\"caldera-grid\" id=\"caldera_form_1\" data-cf-ver=\"1.9.4\" data-cf-form-id=\"CF5e35db2e99dc9\"><div id=\"caldera_notices_1\" data-spinner=\"https:\/\/www.freundeskreis-hagen-smolensk.de\/de\/wp-admin\/images\/spinner.gif\"><\/div><form data-instance=\"1\" class=\"CF5e35db2e99dc9 caldera_forms_form cfajax-trigger\" method=\"POST\" enctype=\"multipart\/form-data\" id=\"CF5e35db2e99dc9_1\" data-form-id=\"CF5e35db2e99dc9\" aria-label=\"J5K Bewerbungsformular\" data-target=\"#caldera_notices_1\" data-template=\"#cfajax_CF5e35db2e99dc9-tmpl\" data-cfajax=\"CF5e35db2e99dc9\" data-load-element=\"_parent\" data-load-class=\"cf_processing\" data-post-disable=\"0\" data-action=\"cf_process_ajax_submit\" data-request=\"https:\/\/www.freundeskreis-hagen-smolensk.de\/de\/cf-api\/CF5e35db2e99dc9\" data-hiderows=\"true\">\r\n<input type=\"hidden\" id=\"_cf_verify_CF5e35db2e99dc9\" name=\"_cf_verify\" value=\"aea2145006\"  data-nonce-time=\"1776605104\" \/><input type=\"hidden\" name=\"_wp_http_referer\" value=\"\/de\/wp-json\/wp\/v2\/pages\/24180\" \/><div id=\"cf2-CF5e35db2e99dc9_1\"><\/div><input type=\"hidden\" name=\"_cf_frm_id\" value=\"CF5e35db2e99dc9\">\r\n<input type=\"hidden\" name=\"_cf_frm_ct\" value=\"1\">\r\n<input type=\"hidden\" name=\"cfajax\" value=\"CF5e35db2e99dc9\">\r\n<input type=\"hidden\" name=\"_cf_cr_pst\" value=\"24180\">\r\n<div class=\"hide\" style=\"display:none; overflow:hidden;height:0;width:0;\">\r\n<label>Web Site<\/label><input type=\"text\" name=\"web_site\" value=\"\" autocomplete=\"off\">\r\n<\/div><div id=\"CF5e35db2e99dc9_1-row-1\"  class=\"row  single\"><div  class=\"col-sm-12  single\"><div data-field-wrapper=\"fld_9880221\" class=\"form-group\" id=\"fld_9880221_1-wrap\">\r\n\t<label id=\"fld_9880221Label\" for=\"fld_9880221_1\" class=\"control-label\">Vorname<\/label>\r\n\t<div class=\"\">\r\n\t\t<input    type=\"text\" data-field=\"fld_9880221\" class=\" form-control\" id=\"fld_9880221_1\" name=\"fld_9880221\" value=\"\" data-type=\"text\"   aria-labelledby=\"fld_9880221Label\" >\t\t\t<\/div>\r\n<\/div>\r\n<div data-field-wrapper=\"fld_2384096\" class=\"form-group\" id=\"fld_2384096_1-wrap\">\r\n\t<label id=\"fld_2384096Label\" for=\"fld_2384096_1\" class=\"control-label\">Name<\/label>\r\n\t<div class=\"\">\r\n\t\t<input    type=\"text\" data-field=\"fld_2384096\" class=\" form-control\" id=\"fld_2384096_1\" name=\"fld_2384096\" value=\"\" data-type=\"text\"   aria-labelledby=\"fld_2384096Label\" >\t\t\t<\/div>\r\n<\/div>\r\n<div data-field-wrapper=\"fld_3986735\" class=\"form-group\" id=\"fld_3986735_1-wrap\">\r\n\t<label id=\"fld_3986735Label\" for=\"fld_3986735_1\" class=\"control-label\">Stra\u00dfe und Hausnummer<\/label>\r\n\t<div class=\"\">\r\n\t\t<input    type=\"text\" data-field=\"fld_3986735\" class=\" form-control\" id=\"fld_3986735_1\" name=\"fld_3986735\" value=\"\" data-type=\"text\"   aria-labelledby=\"fld_3986735Label\" >\t\t\t<\/div>\r\n<\/div>\r\n<div data-field-wrapper=\"fld_2463824\" class=\"form-group\" id=\"fld_2463824_1-wrap\">\r\n\t<label id=\"fld_2463824Label\" for=\"fld_2463824_1\" class=\"control-label\">PLZ und Ort<\/label>\r\n\t<div class=\"\">\r\n\t\t<input    type=\"text\" data-field=\"fld_2463824\" class=\" form-control\" id=\"fld_2463824_1\" name=\"fld_2463824\" value=\"\" data-type=\"text\"   aria-labelledby=\"fld_2463824Label\" >\t\t\t<\/div>\r\n<\/div>\r\n<div data-field-wrapper=\"fld_284234\" class=\"form-group\" id=\"fld_284234_1-wrap\">\r\n\t<label id=\"fld_284234Label\" for=\"fld_284234_1\" class=\"control-label\">E-Mail-Adresse<\/label>\r\n\t<div class=\"\">\r\n\t\t<input    type=\"email\" data-field=\"fld_284234\" class=\" form-control\" id=\"fld_284234_1\" name=\"fld_284234\" value=\"\" data-type=\"email\"   aria-labelledby=\"fld_284234Label\" >\t\t\t<\/div>\r\n<\/div>\r\n<div data-field-wrapper=\"fld_2600543\" class=\"form-group\" id=\"fld_2600543_1-wrap\">\r\n\t<label id=\"fld_2600543Label\" for=\"fld_2600543_1\" class=\"control-label\">Telefon<\/label>\r\n\t<div class=\"\">\r\n\t\t<input    type=\"text\" data-field=\"fld_2600543\" class=\" form-control\" id=\"fld_2600543_1\" name=\"fld_2600543\" value=\"\" data-type=\"text\"   aria-labelledby=\"fld_2600543Label\" >\t\t\t<\/div>\r\n<\/div>\r\n<div data-field-wrapper=\"fld_7564467\" class=\"form-group\" id=\"fld_7564467_1-wrap\">\r\n\t<label id=\"fld_7564467Label\" for=\"fld_7564467_1\" class=\"control-label\">Geburtsdatum<\/label>\r\n\t<div class=\"\">\r\n\t\t<input    type=\"text\" data-field=\"fld_7564467\" class=\" form-control\" id=\"fld_7564467_1\" name=\"fld_7564467\" value=\"\" data-type=\"text\"   aria-labelledby=\"fld_7564467Label\" >\t\t\t<\/div>\r\n<\/div>\r\n<div data-field-wrapper=\"fld_3615833\" class=\"form-group\" id=\"fld_3615833_1-wrap\">\r\n\t<label id=\"fld_3615833Label\" for=\"fld_3615833_1\" class=\"control-label\">Meine Motivation teilzunehmen<\/label>\r\n\t<div class=\"\">\r\n\t\t<textarea name=\"fld_3615833\" value=\"\" data-field=\"fld_3615833\" class=\"form-control\" id=\"fld_3615833_1\" rows=\"10\"    aria-labelledby=\"fld_3615833Label\" ><\/textarea>\n\t\t\t<\/div>\r\n<\/div>\r\n<div class=\"\"><p>Hiermit best\u00e4tige ich die Richtigkeit meiner oben gemachten Angaben.<\/p>\n<\/div><div data-field-wrapper=\"fld_6718498\" class=\"form-group\" id=\"fld_6718498_1-wrap\">\r\n\t<label id=\"fld_6718498Label\" for=\"fld_6718498_1\" class=\"control-label screen-reader-text sr-only\">Zustimmung-Ver\u00f6ffentlichung<\/label>\r\n\t<div class=\"\">\r\n\t\t\t\t\t\t\t\t\t\t\t<div class=\"checkbox\">\n\t\t\t\t\n                <label                         for=\"fld_6718498_1_opt2017065\"\n                >\n                            <input\n                                data-parsley-required=\"true\" data-parsley-group=\"fld_6718498_1\" data-parsley-multiple=\"fld_6718498_1\"                                type=\"checkbox\"\n                                data-label=\"Ich stimme zu\"\n                                data-field=\"fld_6718498\"\n                                id=\"fld_6718498_1_opt2017065\"\n                                class=\"fld_6718498_1 option-required\"\n                                name=\"fld_6718498[opt2017065]\"\n                                value=\"Ich stimme zu\"\n                                                                data-type=\"checkbox\"\n                                data-checkbox-field=\"fld_6718498_1\"\n                                                                data-calc-value=\"Ich stimme zu\"\n                            >\n                    Ich stimme zu                <\/label>\n\n                \t\t\t\t\t<\/div>\n\t\t\t\t\t\t\t\t\t\t\t<\/div>\r\n<\/div>\r\n<hr id=\"fld_5612947_1\" class=\"\" style=\"width: 100%\" \/><div class=\"\"><h2>Arbeit 1<\/h2>\n<\/div><div data-field-wrapper=\"fld_3237808\" class=\"form-group\" id=\"fld_3237808_1-wrap\">\r\n\t<label id=\"fld_3237808Label\" for=\"fld_3237808_1\" class=\"control-label\">Arbeit 1 - Titel<\/label>\r\n\t<div class=\"\">\r\n\t\t<input    type=\"text\" data-field=\"fld_3237808\" class=\" form-control\" id=\"fld_3237808_1\" name=\"fld_3237808\" value=\"\" data-type=\"text\"   aria-labelledby=\"fld_3237808Label\" >\t\t\t<\/div>\r\n<\/div>\r\n<div data-field-wrapper=\"fld_2762479\" class=\"form-group\" id=\"fld_2762479_1-wrap\">\r\n\t<label id=\"fld_2762479Label\" for=\"fld_2762479_1\" class=\"control-label\">Arbeit 1 - Material<\/label>\r\n\t<div class=\"\">\r\n\t\t<input    type=\"text\" data-field=\"fld_2762479\" class=\" form-control\" id=\"fld_2762479_1\" name=\"fld_2762479\" value=\"\" data-type=\"text\"   aria-labelledby=\"fld_2762479Label\" >\t\t\t<\/div>\r\n<\/div>\r\n<div data-field-wrapper=\"fld_3795396\" class=\"form-group\" id=\"fld_3795396_1-wrap\">\r\n\t<label id=\"fld_3795396Label\" for=\"fld_3795396_1\" class=\"control-label\">Arbeit 1-Originalgr\u00f6\u00dfe<\/label>\r\n\t<div class=\"\">\r\n\t\t<input    type=\"text\" data-field=\"fld_3795396\" class=\" form-control\" id=\"fld_3795396_1\" name=\"fld_3795396\" value=\"\" data-type=\"text\"   aria-labelledby=\"fld_3795396Label\" >\t\t\t<\/div>\r\n<\/div>\r\n<div data-field-wrapper=\"fld_5232393\" class=\"form-group\" id=\"fld_5232393_1-wrap\">\r\n\t<label id=\"fld_5232393Label\" for=\"fld_5232393_1\" class=\"control-label\">Arbeit 1 - Foto hochladen<\/label>\r\n\t<div class=\"file-prevent-overflow\">\r\n\t\t<div id=\"fld_5232393_1_file_list\" class=\"cf-multi-uploader-list\"><\/div>\n\t\t\t\t<input type=\"file\" name=\"fld_5232393\" value=\"\" data-field=\"fld_5232393\" class=\"\" id=\"fld_5232393_1\" data-controlid=\"trupl69e4d7b01499b\"      aria-labelledby=\"fld_5232393Label\">\n\t\t<input type=\"hidden\" name=\"fld_5232393\" value=\"trupl69e4d7b01499b\">\n\t\t\t<\/div>\r\n<\/div>\r\n<hr id=\"fld_7490090_1\" class=\"\" style=\"width: 100%\" \/><div class=\"\"><h2>Arbeit 2<\/h2>\n<\/div><div data-field-wrapper=\"fld_5167533\" class=\"form-group\" id=\"fld_5167533_1-wrap\">\r\n\t<label id=\"fld_5167533Label\" for=\"fld_5167533_1\" class=\"control-label\">Arbeit 2 - Titel<\/label>\r\n\t<div class=\"\">\r\n\t\t<input    type=\"text\" data-field=\"fld_5167533\" class=\" form-control\" id=\"fld_5167533_1\" name=\"fld_5167533\" value=\"\" data-type=\"text\"   aria-labelledby=\"fld_5167533Label\" >\t\t\t<\/div>\r\n<\/div>\r\n<div data-field-wrapper=\"fld_2182275\" class=\"form-group\" id=\"fld_2182275_1-wrap\">\r\n\t<label id=\"fld_2182275Label\" for=\"fld_2182275_1\" class=\"control-label\">Arbeit 2 - Material<\/label>\r\n\t<div class=\"\">\r\n\t\t<input    type=\"text\" data-field=\"fld_2182275\" class=\" form-control\" id=\"fld_2182275_1\" name=\"fld_2182275\" value=\"\" data-type=\"text\"   aria-labelledby=\"fld_2182275Label\" >\t\t\t<\/div>\r\n<\/div>\r\n<div data-field-wrapper=\"fld_3643455\" class=\"form-group\" id=\"fld_3643455_1-wrap\">\r\n\t<label id=\"fld_3643455Label\" for=\"fld_3643455_1\" class=\"control-label\">Arbeit 2 - Originalgr\u00f6\u00dfe<\/label>\r\n\t<div class=\"\">\r\n\t\t<input    type=\"text\" data-field=\"fld_3643455\" class=\" form-control\" id=\"fld_3643455_1\" name=\"fld_3643455\" value=\"\" data-type=\"text\"   aria-labelledby=\"fld_3643455Label\" >\t\t\t<\/div>\r\n<\/div>\r\n<div data-field-wrapper=\"fld_4186081\" class=\"form-group\" id=\"fld_4186081_1-wrap\">\r\n\t<label id=\"fld_4186081Label\" for=\"fld_4186081_1\" class=\"control-label\">Arbeit 2 - Foto hochladen<\/label>\r\n\t<div class=\"file-prevent-overflow\">\r\n\t\t<div id=\"fld_4186081_1_file_list\" class=\"cf-multi-uploader-list\"><\/div>\n\t\t\t\t<input type=\"file\" name=\"fld_4186081\" value=\"\" data-field=\"fld_4186081\" class=\"\" id=\"fld_4186081_1\" data-controlid=\"trupl69e4d7b0170dc\"      aria-labelledby=\"fld_4186081Label\">\n\t\t<input type=\"hidden\" name=\"fld_4186081\" value=\"trupl69e4d7b0170dc\">\n\t\t\t<\/div>\r\n<\/div>\r\n<hr id=\"fld_7910497_1\" class=\"\" style=\"width: 100%\" \/><div class=\"\"><h2>Arbeit 3<\/h2>\n<\/div><div data-field-wrapper=\"fld_7978113\" class=\"form-group\" id=\"fld_7978113_1-wrap\">\r\n\t<label id=\"fld_7978113Label\" for=\"fld_7978113_1\" class=\"control-label\">Arbeit 3 - Titel<\/label>\r\n\t<div class=\"\">\r\n\t\t<input    type=\"text\" data-field=\"fld_7978113\" class=\" form-control\" id=\"fld_7978113_1\" name=\"fld_7978113\" value=\"\" data-type=\"text\"   aria-labelledby=\"fld_7978113Label\" >\t\t\t<\/div>\r\n<\/div>\r\n<div data-field-wrapper=\"fld_7411907\" class=\"form-group\" id=\"fld_7411907_1-wrap\">\r\n\t<label id=\"fld_7411907Label\" for=\"fld_7411907_1\" class=\"control-label\">Arbeit 3 - Material<\/label>\r\n\t<div class=\"\">\r\n\t\t<input    type=\"text\" data-field=\"fld_7411907\" class=\" form-control\" id=\"fld_7411907_1\" name=\"fld_7411907\" value=\"\" data-type=\"text\"   aria-labelledby=\"fld_7411907Label\" >\t\t\t<\/div>\r\n<\/div>\r\n<div data-field-wrapper=\"fld_246326\" class=\"form-group\" id=\"fld_246326_1-wrap\">\r\n\t<label id=\"fld_246326Label\" for=\"fld_246326_1\" class=\"control-label\">Arbeit 3 - Originalgr\u00f6\u00dfe<\/label>\r\n\t<div class=\"\">\r\n\t\t<input    type=\"text\" data-field=\"fld_246326\" class=\" form-control\" id=\"fld_246326_1\" name=\"fld_246326\" value=\"\" data-type=\"text\"   aria-labelledby=\"fld_246326Label\" >\t\t\t<\/div>\r\n<\/div>\r\n<div data-field-wrapper=\"fld_4626099\" class=\"form-group\" id=\"fld_4626099_1-wrap\">\r\n\t<label id=\"fld_4626099Label\" for=\"fld_4626099_1\" class=\"control-label\">Arbeit 3 - Foto hochladen<\/label>\r\n\t<div class=\"file-prevent-overflow\">\r\n\t\t<div id=\"fld_4626099_1_file_list\" class=\"cf-multi-uploader-list\"><\/div>\n\t\t\t\t<input type=\"file\" name=\"fld_4626099\" value=\"\" data-field=\"fld_4626099\" class=\"\" id=\"fld_4626099_1\" data-controlid=\"trupl69e4d7b0195f0\"      aria-labelledby=\"fld_4626099Label\">\n\t\t<input type=\"hidden\" name=\"fld_4626099\" value=\"trupl69e4d7b0195f0\">\n\t\t\t<\/div>\r\n<\/div>\r\n<hr id=\"fld_8053335_1\" class=\"\" style=\"width: 100%\" \/><div class=\"\"><h2>Arbeit 4<\/h2>\n<\/div><div data-field-wrapper=\"fld_347204\" class=\"form-group\" id=\"fld_347204_1-wrap\">\r\n\t<label id=\"fld_347204Label\" for=\"fld_347204_1\" class=\"control-label\">Arbeit 4 - Titel<\/label>\r\n\t<div class=\"\">\r\n\t\t<input    type=\"text\" data-field=\"fld_347204\" class=\" form-control\" id=\"fld_347204_1\" name=\"fld_347204\" value=\"\" data-type=\"text\"   aria-labelledby=\"fld_347204Label\" >\t\t\t<\/div>\r\n<\/div>\r\n<div data-field-wrapper=\"fld_4996630\" class=\"form-group\" id=\"fld_4996630_1-wrap\">\r\n\t<label id=\"fld_4996630Label\" for=\"fld_4996630_1\" class=\"control-label\">Arbeit 4 - Material<\/label>\r\n\t<div class=\"\">\r\n\t\t<input    type=\"text\" data-field=\"fld_4996630\" class=\" form-control\" id=\"fld_4996630_1\" name=\"fld_4996630\" value=\"\" data-type=\"text\"   aria-labelledby=\"fld_4996630Label\" >\t\t\t<\/div>\r\n<\/div>\r\n<div data-field-wrapper=\"fld_2292901\" class=\"form-group\" id=\"fld_2292901_1-wrap\">\r\n\t<label id=\"fld_2292901Label\" for=\"fld_2292901_1\" class=\"control-label\">Arbeit 4 - Originalgr\u00f6\u00dfe<\/label>\r\n\t<div class=\"\">\r\n\t\t<input    type=\"text\" data-field=\"fld_2292901\" class=\" form-control\" id=\"fld_2292901_1\" name=\"fld_2292901\" value=\"\" data-type=\"text\"   aria-labelledby=\"fld_2292901Label\" >\t\t\t<\/div>\r\n<\/div>\r\n<div data-field-wrapper=\"fld_8659516\" class=\"form-group\" id=\"fld_8659516_1-wrap\">\r\n\t<label id=\"fld_8659516Label\" for=\"fld_8659516_1\" class=\"control-label\">Arbeit 4 - Foto hochladen<\/label>\r\n\t<div class=\"file-prevent-overflow\">\r\n\t\t<div id=\"fld_8659516_1_file_list\" class=\"cf-multi-uploader-list\"><\/div>\n\t\t\t\t<input type=\"file\" name=\"fld_8659516\" value=\"\" data-field=\"fld_8659516\" class=\"\" id=\"fld_8659516_1\" data-controlid=\"trupl69e4d7b01baa7\"      aria-labelledby=\"fld_8659516Label\">\n\t\t<input type=\"hidden\" name=\"fld_8659516\" value=\"trupl69e4d7b01baa7\">\n\t\t\t<\/div>\r\n<\/div>\r\n<hr id=\"fld_5583839_1\" class=\"\" style=\"width: 100%\" \/><div class=\"\"><h2>Arbeit 5<\/h2>\n<\/div><div data-field-wrapper=\"fld_4023018\" class=\"form-group\" id=\"fld_4023018_1-wrap\">\r\n\t<label id=\"fld_4023018Label\" for=\"fld_4023018_1\" class=\"control-label\">Arbeit 5 - Titel<\/label>\r\n\t<div class=\"\">\r\n\t\t<input    type=\"text\" data-field=\"fld_4023018\" class=\" form-control\" id=\"fld_4023018_1\" name=\"fld_4023018\" value=\"\" data-type=\"text\"   aria-labelledby=\"fld_4023018Label\" >\t\t\t<\/div>\r\n<\/div>\r\n<div data-field-wrapper=\"fld_8638746\" class=\"form-group\" id=\"fld_8638746_1-wrap\">\r\n\t<label id=\"fld_8638746Label\" for=\"fld_8638746_1\" class=\"control-label\">Arbeit 5 - Material<\/label>\r\n\t<div class=\"\">\r\n\t\t<input    type=\"text\" data-field=\"fld_8638746\" class=\" form-control\" id=\"fld_8638746_1\" name=\"fld_8638746\" value=\"\" data-type=\"text\"   aria-labelledby=\"fld_8638746Label\" >\t\t\t<\/div>\r\n<\/div>\r\n<div data-field-wrapper=\"fld_5895527\" class=\"form-group\" id=\"fld_5895527_1-wrap\">\r\n\t<label id=\"fld_5895527Label\" for=\"fld_5895527_1\" class=\"control-label\">Arbeit 5 - Originalgr\u00f6\u00dfe<\/label>\r\n\t<div class=\"\">\r\n\t\t<input    type=\"text\" data-field=\"fld_5895527\" class=\" form-control\" id=\"fld_5895527_1\" name=\"fld_5895527\" value=\"\" data-type=\"text\"   aria-labelledby=\"fld_5895527Label\" >\t\t\t<\/div>\r\n<\/div>\r\n<div data-field-wrapper=\"fld_7269786\" class=\"form-group\" id=\"fld_7269786_1-wrap\">\r\n\t<label id=\"fld_7269786Label\" for=\"fld_7269786_1\" class=\"control-label\">Arbeit 5 - Foto hochladen<\/label>\r\n\t<div class=\"file-prevent-overflow\">\r\n\t\t<div id=\"fld_7269786_1_file_list\" class=\"cf-multi-uploader-list\"><\/div>\n\t\t\t\t<input type=\"file\" name=\"fld_7269786\" value=\"\" data-field=\"fld_7269786\" class=\"\" id=\"fld_7269786_1\" data-controlid=\"trupl69e4d7b01dfae\"      aria-labelledby=\"fld_7269786Label\">\n\t\t<input type=\"hidden\" name=\"fld_7269786\" value=\"trupl69e4d7b01dfae\">\n\t\t\t<\/div>\r\n<\/div>\r\n<div class=\"\"><p>Die Veranstalter haben das Recht, die eingereichten Arbeiten zum Zwecke der \u00d6ffentlichkeitsarbeit zu nutzen. Ich best\u00e4tige, dass ich alle Rechte an den eingereichten Arbeiten inne habe und stimme einer Ver\u00f6ffentlichung zu.<\/p>\n<\/div><div data-field-wrapper=\"fld_4139181\" class=\"form-group\" id=\"fld_4139181_1-wrap\">\r\n\t<label id=\"fld_4139181Label\" for=\"fld_4139181_1\" class=\"control-label screen-reader-text sr-only\">Zustimmung_Richtigkeit<\/label>\r\n\t<div class=\"\">\r\n\t\t\t\t\t\t\t\t\t\t\t<div class=\"checkbox\">\n\t\t\t\t\n                <label                         for=\"fld_4139181_1_opt1807721\"\n                >\n                            <input\n                                data-parsley-required=\"true\" data-parsley-group=\"fld_4139181_1\" data-parsley-multiple=\"fld_4139181_1\"                                type=\"checkbox\"\n                                data-label=\"Ich stimme zu\"\n                                data-field=\"fld_4139181\"\n                                id=\"fld_4139181_1_opt1807721\"\n                                class=\"fld_4139181_1 option-required\"\n                                name=\"fld_4139181[opt1807721]\"\n                                value=\"Ich stimme zu\"\n                                                                data-type=\"checkbox\"\n                                data-checkbox-field=\"fld_4139181_1\"\n                                                                data-calc-value=\"Ich stimme zu\"\n                            >\n                    Ich stimme zu                <\/label>\n\n                \t\t\t\t\t<\/div>\n\t\t\t\t\t\t\t\t\t\t\t<\/div>\r\n<\/div>\r\n<hr id=\"fld_9858427_1\" class=\"\" style=\"width: 100%\" \/><div class=\"\"><p>Mit diesem Formular wird lediglich eine E-Mail generiert. Die Daten werden nicht in einer Datenbank gespeichert. Bitte beachten Sie unsere Datenschutzerkl\u00e4rung am Fu\u00df dieser Seite.<\/p>\n<\/div><div data-field-wrapper=\"fld_5674234\" class=\"form-group\" id=\"fld_5674234_1-wrap\">\r\n\t<label id=\"fld_5674234Label\" for=\"fld_5674234_1\" class=\"control-label screen-reader-text sr-only\">Zustimmung-Daten<\/label>\r\n\t<div class=\"\">\r\n\t\t\t\t\t\t\t\t\t\t\t<div class=\"checkbox\">\n\t\t\t\t\n                <label                         for=\"fld_5674234_1_opt2017065\"\n                >\n                            <input\n                                data-parsley-required=\"true\" data-parsley-group=\"fld_5674234_1\" data-parsley-multiple=\"fld_5674234_1\"                                type=\"checkbox\"\n                                data-label=\"Ich stimme der \u00dcbermittlung der eingegebenen Daten an den Freundeskreis Hagen-Smolensk e.V. zu\"\n                                data-field=\"fld_5674234\"\n                                id=\"fld_5674234_1_opt2017065\"\n                                class=\"fld_5674234_1 option-required\"\n                                name=\"fld_5674234[opt2017065]\"\n                                value=\"Ich stimme der \u00dcbermittlung der eingegebenen Daten an den Freundeskreis Hagen-Smolensk e.V. zu\"\n                                                                data-type=\"checkbox\"\n                                data-checkbox-field=\"fld_5674234_1\"\n                                                                data-calc-value=\"Ich stimme der \u00dcbermittlung der eingegebenen Daten an den Freundeskreis Hagen-Smolensk e.V. zu\"\n                            >\n                    Ich stimme der \u00dcbermittlung der eingegebenen Daten an den Freundeskreis Hagen-Smolensk e.V. zu                <\/label>\n\n                \t\t\t\t\t<\/div>\n\t\t\t\t\t\t\t\t\t\t\t<\/div>\r\n<\/div>\r\n<div data-field-wrapper=\"fld_4569490\" class=\"form-group\" id=\"fld_4569490_1-wrap\">\r\n<div class=\"\">\r\n\t<input  class=\"btn btn-default\" type=\"submit\" name=\"fld_4569490\" id=\"fld_4569490_1\" value=\"Absenden\" data-field=\"fld_4569490\"  >\n<\/div>\r\n<\/div>\r\n\t<input class=\"button_trigger_1\" type=\"hidden\" name=\"fld_4569490\" id=\"fld_4569490_1_btn\" value=\"\" data-field=\"fld_4569490\"  \/>\n<\/div><\/div><\/form>\r\n<\/div>\r\n\n","protected":false},"excerpt":{"rendered":"","protected":false},"author":1,"featured_media":0,"parent":24083,"menu_order":0,"comment_status":"closed","ping_status":"closed","template":"","meta":{"ngg_post_thumbnail":0},"_links":{"self":[{"href":"https:\/\/www.freundeskreis-hagen-smolensk.de\/de\/wp-json\/wp\/v2\/pages\/24180"}],"collection":[{"href":"https:\/\/www.freundeskreis-hagen-smolensk.de\/de\/wp-json\/wp\/v2\/pages"}],"about":[{"href":"https:\/\/www.freundeskreis-hagen-smolensk.de\/de\/wp-json\/wp\/v2\/types\/page"}],"author":[{"embeddable":true,"href":"https:\/\/www.freundeskreis-hagen-smolensk.de\/de\/wp-json\/wp\/v2\/users\/1"}],"replies":[{"embeddable":true,"href":"https:\/\/www.freundeskreis-hagen-smolensk.de\/de\/wp-json\/wp\/v2\/comments?post=24180"}],"version-history":[{"count":1,"href":"https:\/\/www.freundeskreis-hagen-smolensk.de\/de\/wp-json\/wp\/v2\/pages\/24180\/revisions"}],"predecessor-version":[{"id":24181,"href":"https:\/\/www.freundeskreis-hagen-smolensk.de\/de\/wp-json\/wp\/v2\/pages\/24180\/revisions\/24181"}],"up":[{"embeddable":true,"href":"https:\/\/www.freundeskreis-hagen-smolensk.de\/de\/wp-json\/wp\/v2\/pages\/24083"}],"wp:attachment":[{"href":"https:\/\/www.freundeskreis-hagen-smolensk.de\/de\/wp-json\/wp\/v2\/media?parent=24180"}],"curies":[{"name":"wp","href":"https:\/\/api.w.org\/{rel}","templated":true}]}}