{"id":22608,"date":"2018-05-30T21:28:11","date_gmt":"2018-05-30T19:28:11","guid":{"rendered":"http:\/\/www.freundeskreis-hagen-smolensk.de\/de\/?page_id=22608"},"modified":"2020-04-06T19:09:26","modified_gmt":"2020-04-06T17:09:26","slug":"2019-2","status":"publish","type":"page","link":"https:\/\/www.freundeskreis-hagen-smolensk.de\/de\/jahresprogramm\/2019-2\/","title":{"rendered":"2019"},"content":{"rendered":"<table style=\"width: 956.1875px;\">\n<tbody>\n<tr>\n<td style=\"width: 955.1875px;\">\n<p style=\"text-align: center;\"><strong>34. Jahr der Partnerschaft Hagen\u2013Smolensk<\/strong><\/p>\n<\/td>\n<\/tr>\n<tr>\n<td style=\"text-align: center; width: 955.1875px;\">14. Jahre Freundeskreis Hagen-Smolensk e.V<\/td>\n<\/tr>\n<tr>\n<td style=\"text-align: center; width: 955.1875px;\">Stand der Planung: 28.03.2019<\/td>\n<\/tr>\n<tr>\n<td style=\"width: 955.1875px;\"><\/td>\n<\/tr>\n<\/tbody>\n<\/table>\n<p>&nbsp;<\/p>\n<table style=\"width: 1245px;\">\n<tbody>\n<tr>\n<td style=\"width: 198px;\">15.02.2019<\/td>\n<td style=\"width: 759px;\"><strong>Jahreshauptversammlung \u2013 Abschluss des Gesch\u00e4ftsjahres 2018<\/strong><\/td>\n<td style=\"width: 288px;\"><\/td>\n<\/tr>\n<tr>\n<td style=\"width: 198px;\"><\/td>\n<td style=\"width: 759px;\"><u>Ansprechpartner<\/u>: Vorstand<\/td>\n<td style=\"width: 288px;\"><\/td>\n<\/tr>\n<tr>\n<td style=\"width: 198px;\"><\/td>\n<td style=\"width: 759px;\"><\/td>\n<td style=\"width: 288px;\"><\/td>\n<\/tr>\n<tr>\n<td style=\"width: 198px;\">25.03.2019<\/td>\n<td style=\"width: 759px;\"><strong>\u00a0Aufstellung von &#8222;Buttje&#8220; auf der\u00a0<\/strong><b>Badstra\u00dfen-Br\u00fccke<\/b><\/td>\n<td style=\"width: 288px;\"><\/td>\n<\/tr>\n<tr>\n<td style=\"width: 198px;\"><\/td>\n<td style=\"width: 759px;\">Dank an die Fa. Rempke f\u00fcr die tolle Arbeit und den WB-Hagen<\/td>\n<td style=\"width: 288px;\"><\/td>\n<\/tr>\n<tr>\n<td style=\"width: 198px;\"><\/td>\n<td style=\"width: 759px;\"><strong>\u00a0<\/strong><\/td>\n<td style=\"width: 288px;\"><\/td>\n<\/tr>\n<tr>\n<td style=\"width: 198px;\">06.-14-04.2019<\/td>\n<td style=\"width: 759px;\"><strong>Austauschprojekt: Smolensker Lehrerinnen und Lehrer \/ Referendarinnen und Referendar in Smolensk<\/strong><\/td>\n<td style=\"width: 288px;\"><\/td>\n<\/tr>\n<tr>\n<td style=\"width: 198px;\"><\/td>\n<td style=\"width: 759px;\">22 Menschen (Referendarinnen und Referendare reisen mit Begleitung nach Smolensk<\/td>\n<td style=\"width: 288px;\"><\/td>\n<\/tr>\n<tr>\n<td style=\"width: 198px;\"><\/td>\n<td style=\"width: 759px;\"><u>Ansprechpartner:<\/u> J\u00fcrgen Henter, Bernd Mai, Hans-Werner Engel<\/td>\n<td style=\"width: 288px;\"><\/td>\n<\/tr>\n<tr>\n<td style=\"width: 198px;\"><\/td>\n<td style=\"width: 759px;\"><strong>\u00a0<\/strong><\/td>\n<td style=\"width: 288px;\"><\/td>\n<\/tr>\n<tr>\n<td style=\"width: 198px;\">April 2019<\/td>\n<td style=\"width: 759px;\"><strong>Vorbereitung des Projekt &#8222;Walter Wichmann&#8220;<\/strong><\/td>\n<td style=\"width: 288px;\"><\/td>\n<\/tr>\n<tr>\n<td style=\"width: 198px;\"><\/td>\n<td style=\"width: 759px;\"><strong>\u00a0<\/strong><\/td>\n<td style=\"width: 288px;\"><\/td>\n<\/tr>\n<tr>\n<td style=\"width: 198px;\">Mai 2019<\/td>\n<td style=\"width: 759px;\"><strong>Vorbereitung des Projekt &#8222;Kammchor Smolensk&#8220;<\/strong><\/td>\n<td style=\"width: 288px;\"><\/td>\n<\/tr>\n<tr>\n<td style=\"width: 198px;\"><\/td>\n<td style=\"width: 759px;\"><strong>\u00a0<\/strong><\/td>\n<td style=\"width: 288px;\"><\/td>\n<\/tr>\n<tr>\n<td style=\"width: 198px;\">26.05.-07.06.2019<\/td>\n<td style=\"width: 759px;\"><strong>\u201eJunge4Kunst\u201c Hagener Preistr\u00e4ger\/innen zum F\u00f6rderstudium nach Smolensk<\/strong><\/p>\n<p>Ansprechpartner: H. &#8211; W. Engel, Dr. O. Engel, Dr. O. Peithmann, V. Baltes<\/td>\n<td style=\"width: 288px;\"><\/td>\n<\/tr>\n<tr>\n<td style=\"width: 198px;\"><\/td>\n<td style=\"width: 759px;\"><\/td>\n<td style=\"width: 288px;\"><\/td>\n<\/tr>\n<tr>\n<td style=\"width: 198px;\">28.07. &#8211; 08.08.2019<\/td>\n<td style=\"width: 759px;\"><strong>\u201eJunge4Kunst\u201c\u00a0Smolensker\u00a0Preistr\u00e4gerinnen zum F\u00f6rderstudium nach Hagen<\/strong><\/td>\n<td style=\"width: 288px;\"><\/td>\n<\/tr>\n<tr>\n<td style=\"width: 198px;\"><\/td>\n<td style=\"width: 759px;\">Ansprechpartner: H. &#8211; W. Engel, \u00a0V. Baltes, J\u00f6rg Ruhwedel, Aleksandra Ilina<\/td>\n<td style=\"width: 288px;\"><\/td>\n<\/tr>\n<tr>\n<td style=\"width: 198px;\">04.08.2019, 11:00Uhr<\/td>\n<td style=\"width: 759px;\"><strong>\u00a0&#8222;Junge4Kunst&#8220; Abschlussaustellung der Werke der\u00a0Preistr\u00e4ger\/innmenm in der Hagenring-Galerie<\/strong><\/td>\n<td style=\"width: 288px;\"><\/td>\n<\/tr>\n<tr>\n<td style=\"width: 198px;\"><\/td>\n<td style=\"width: 759px;\">\u00a0<u>Ansprechpartner<\/u>: Hans-Werner Engel, V. Baltes, Uwe Will, B. Paura<\/td>\n<td style=\"width: 288px;\"><\/td>\n<\/tr>\n<tr>\n<td style=\"width: 198px;\">18. &#8211; 22.09.2019<\/td>\n<td style=\"width: 759px;\"><strong>Vorstandsdelegation nach Smolensk &#8211; Vorbereitung von Projekten<\/strong><\/td>\n<td style=\"width: 288px;\"><\/td>\n<\/tr>\n<tr>\n<td style=\"width: 198px;\"><\/td>\n<td style=\"width: 759px;\">Ansprechpartner: Michael Lehr<\/td>\n<td style=\"width: 288px;\"><\/td>\n<\/tr>\n<tr>\n<td style=\"width: 198px;\">01.10.2019<\/td>\n<td style=\"width: 759px;\"><strong>&#8222;Ausschreibung des Kunstwettbewerbs &#8222;Junge5Kunst&#8220;\u00a0<\/strong><\/td>\n<td style=\"width: 288px;\"><\/td>\n<\/tr>\n<tr>\n<td style=\"width: 198px;\"><\/td>\n<td style=\"width: 759px;\"><strong>\u00a0<\/strong><\/td>\n<td style=\"width: 288px;\"><\/td>\n<\/tr>\n<tr>\n<td style=\"width: 198px;\">22. &#8211; 31.10.2019<\/td>\n<td style=\"width: 759px;\"><strong>Junge Sprachlehrerinnen und Studentinnen aus Smolensk \u00a0in HAGEN<\/strong><\/td>\n<td style=\"width: 288px;\"><\/td>\n<\/tr>\n<tr>\n<td style=\"width: 198px;\"><\/td>\n<td style=\"width: 759px;\">in Zusammenarbeit mit dem ZfsL-HAGEN<\/td>\n<td style=\"width: 288px;\"><\/td>\n<\/tr>\n<tr>\n<td style=\"width: 198px;\"><\/td>\n<td style=\"width: 759px;\"><u>Ansprechpartner<\/u>: Hans-Werner Engel, J\u00fcrgen Henter, Bernd Mai<\/td>\n<td style=\"width: 288px;\"><\/td>\n<\/tr>\n<tr>\n<td style=\"width: 198px;\"><\/td>\n<td style=\"width: 759px;\"><\/td>\n<td style=\"width: 288px;\"><\/td>\n<\/tr>\n<tr>\n<td style=\"width: 198px;\">22. -31.10.2019<\/td>\n<td style=\"width: 759px;\"><strong>Herbstabend im Restaurant \u201eKaisergarten\u201c<\/strong><\/td>\n<td style=\"width: 288px;\"><strong>Herbstabend im Restaurant \u201eKaisergarten\u201c<\/strong><\/td>\n<\/tr>\n<tr>\n<td style=\"width: 198px;\"><\/td>\n<td style=\"width: 759px;\">Verleihung des &#8222;UWE-WILL-Ringes f\u00fcr Verdienst um die St\u00e4dtepartnerschaft Hagen-Smolensk<\/td>\n<td style=\"width: 288px;\">Verleihung des &#8222;UWE-WILL-Ringes f\u00fcr Verdienst um die St\u00e4dtepartnerschaft Hagen-Smolensk<\/td>\n<\/tr>\n<\/tbody>\n<\/table>\n","protected":false},"excerpt":{"rendered":"<p>34. Jahr der Partnerschaft Hagen\u2013Smolensk 14. Jahre Freundeskreis Hagen-Smolensk e.V Stand der Planung: 28.03.2019 &nbsp; 15.02.2019 Jahreshauptversammlung \u2013 Abschluss des Gesch\u00e4ftsjahres 2018 Ansprechpartner: Vorstand 25.03.2019 \u00a0Aufstellung von &#8222;Buttje&#8220; auf der\u00a0Badstra\u00dfen-Br\u00fccke Dank an die Fa. Rempke f\u00fcr die tolle Arbeit und den WB-Hagen \u00a0 06.-14-04.2019 Austauschprojekt: Smolensker Lehrerinnen und Lehrer \/ Referendarinnen und Referendar in Smolensk&hellip; <span class=\"kuorinka-read-more\"><a href=\"https:\/\/www.freundeskreis-hagen-smolensk.de\/de\/jahresprogramm\/2019-2\/\" class=\"more-link\">Weiterlesen <span class=\"screen-reader-text\">2019<\/span><\/a><\/span><\/p>\n","protected":false},"author":1,"featured_media":0,"parent":34,"menu_order":0,"comment_status":"closed","ping_status":"closed","template":"","meta":{"ngg_post_thumbnail":0},"_links":{"self":[{"href":"https:\/\/www.freundeskreis-hagen-smolensk.de\/de\/wp-json\/wp\/v2\/pages\/22608"}],"collection":[{"href":"https:\/\/www.freundeskreis-hagen-smolensk.de\/de\/wp-json\/wp\/v2\/pages"}],"about":[{"href":"https:\/\/www.freundeskreis-hagen-smolensk.de\/de\/wp-json\/wp\/v2\/types\/page"}],"author":[{"embeddable":true,"href":"https:\/\/www.freundeskreis-hagen-smolensk.de\/de\/wp-json\/wp\/v2\/users\/1"}],"replies":[{"embeddable":true,"href":"https:\/\/www.freundeskreis-hagen-smolensk.de\/de\/wp-json\/wp\/v2\/comments?post=22608"}],"version-history":[{"count":5,"href":"https:\/\/www.freundeskreis-hagen-smolensk.de\/de\/wp-json\/wp\/v2\/pages\/22608\/revisions"}],"predecessor-version":[{"id":24217,"href":"https:\/\/www.freundeskreis-hagen-smolensk.de\/de\/wp-json\/wp\/v2\/pages\/22608\/revisions\/24217"}],"up":[{"embeddable":true,"href":"https:\/\/www.freundeskreis-hagen-smolensk.de\/de\/wp-json\/wp\/v2\/pages\/34"}],"wp:attachment":[{"href":"https:\/\/www.freundeskreis-hagen-smolensk.de\/de\/wp-json\/wp\/v2\/media?parent=22608"}],"curies":[{"name":"wp","href":"https:\/\/api.w.org\/{rel}","templated":true}]}}