{"id":13,"date":"2008-06-20T15:19:51","date_gmt":"2008-06-20T13:19:51","guid":{"rendered":"http:\/\/www.freundeskreis-hagen-smolensk.de\/de\/?page_id=13"},"modified":"2025-06-23T12:58:53","modified_gmt":"2025-06-23T10:58:53","slug":"unterseite-verein","status":"publish","type":"page","link":"https:\/\/www.freundeskreis-hagen-smolensk.de\/de\/verein\/unterseite-verein\/","title":{"rendered":"Vorstand"},"content":{"rendered":"<p><strong>Vorstand ab April 2025<\/strong><\/p>\n<p>\u200b<\/p>\n<table style=\"border-collapse: collapse; width: 114.078948%; height: 417px;\">\n<tbody>\n<tr style=\"height: 39px;\">\n<td style=\"width: 28.464913%; text-align: center; height: 39px;\"><strong>Hans-Werner Engel<\/strong><\/td>\n<td style=\"width: 71.754385%; text-align: center; height: 39px;\"><\/td>\n<td style=\"width: 1.315789%; height: 39px;\"><\/td>\n<\/tr>\n<tr style=\"height: 210px;\">\n<td style=\"width: 28.464913%; height: 210px;\"><a href=\"http:\/\/www.freundeskreis-hagen-smolensk.de\/de\/wp-content\/uploads\/2012-Passfoto1.jpg\" data-rel=\"lightbox-image-0\" data-magnific_type=\"image\" data-rl_title=\"\" data-rl_caption=\"\" title=\"\"><img loading=\"lazy\" class=\"aligncenter size-full wp-image-5169\" title=\"2012 Passfoto\" src=\"http:\/\/www.freundeskreis-hagen-smolensk.de\/de\/wp-content\/uploads\/2012-Passfoto1-e1358758192386.jpg\" alt=\"\" width=\"135\" height=\"163\" \/><\/a><\/td>\n<td style=\"width: 71.754385%; height: 210px;\"><\/td>\n<td style=\"width: 1.315789%; height: 210px;\"><\/td>\n<\/tr>\n<tr style=\"height: 158px;\">\n<td style=\"width: 28.464913%; text-align: center; height: 158px;\"><strong>Vorsitzender<\/strong><\/td>\n<td style=\"width: 71.754385%; height: 158px;\">Koordiniert die Arbeit des Vorstandes, organisiert Projekte, h\u00e4lt Kontakte zu Partnern in Hagen und Smolensk.<\/p>\n<p>Beruflicher Hintergrund: Verwaltungsbeamter a. D.<\/td>\n<td style=\"width: 1.315789%; height: 158px;\"><\/td>\n<\/tr>\n<tr style=\"height: 10px;\">\n<td style=\"width: 28.464913%; height: 10px;\"><\/td>\n<td style=\"width: 71.754385%; height: 10px;\"><\/td>\n<td style=\"width: 1.315789%; height: 10px;\"><\/td>\n<\/tr>\n<\/tbody>\n<\/table>\n<table style=\"border-collapse: collapse; width: 114.473684%; height: 273px;\">\n<tbody>\n<tr style=\"height: 43px;\">\n<td style=\"width: 27.743754%; text-align: center; height: 43px;\"><strong>Xenia Kersteins<\/strong><\/td>\n<td style=\"width: 86.466772%; height: 43px;\"><\/td>\n<\/tr>\n<tr style=\"height: 220px;\">\n<td style=\"width: 27.743754%; height: 220px;\"><a href=\"http:\/\/www.freundeskreis-hagen-smolensk.de\/de\/wp-content\/uploads\/Xenia-Kerstiens.jpg\" data-rel=\"lightbox-image-1\" data-magnific_type=\"image\" data-rl_title=\"\" data-rl_caption=\"\" title=\"\"><img loading=\"lazy\" class=\"wp-image-6663 aligncenter\" src=\"http:\/\/www.freundeskreis-hagen-smolensk.de\/de\/wp-content\/uploads\/Xenia-Kerstiens-494x700.jpg\" alt=\"Xenia Kerstiens\" width=\"134\" height=\"190\" srcset=\"https:\/\/www.freundeskreis-hagen-smolensk.de\/de\/wp-content\/uploads\/Xenia-Kerstiens-494x700.jpg 494w, https:\/\/www.freundeskreis-hagen-smolensk.de\/de\/wp-content\/uploads\/Xenia-Kerstiens-723x1024.jpg 723w, https:\/\/www.freundeskreis-hagen-smolensk.de\/de\/wp-content\/uploads\/Xenia-Kerstiens.jpg 854w\" sizes=\"(max-width: 134px) 100vw, 134px\" \/><\/a><\/td>\n<td style=\"width: 86.466772%; height: 220px;\"><\/td>\n<\/tr>\n<tr style=\"height: 10px;\">\n<td style=\"width: 27.743754%; text-align: center; height: 10px;\"><strong>stellv. Vorsitzende<\/strong><\/td>\n<td style=\"width: 86.466772%; height: 10px;\">Koordiniert die Kommunikation mit Partnern, organisiert Projekte des akademischen Austausch<\/p>\n<p>Beruflicher Hintergrund: Wirtschaftsingenieurin<\/td>\n<\/tr>\n<\/tbody>\n<\/table>\n<p>&nbsp;<\/p>\n<table style=\"border-collapse: collapse; width: 100%;\">\n<tbody>\n<tr>\n<td style=\"width: 32.5%; text-align: center;\"><strong>Michael Lehr<\/strong><\/td>\n<td style=\"width: 67.5%;\"><\/td>\n<\/tr>\n<tr>\n<td style=\"width: 32.5%; text-align: center;\"><a href=\"http:\/\/www.freundeskreis-hagen-smolensk.de\/de\/wp-content\/uploads\/M.Lehr_5.jpg\" data-rel=\"lightbox-image-2\" data-magnific_type=\"image\" data-rl_title=\"\" data-rl_caption=\"\" title=\"\"><img loading=\"lazy\" class=\"size-thumbnail wp-image-5921 aligncenter\" title=\"M.Lehr\" src=\"http:\/\/www.freundeskreis-hagen-smolensk.de\/de\/wp-content\/uploads\/M.Lehr_5-150x150.jpg\" alt=\"\" width=\"150\" height=\"150\" \/><\/a><\/td>\n<td style=\"width: 67.5%;\"><\/td>\n<\/tr>\n<tr>\n<td style=\"width: 32.5%; text-align: center;\"><strong>Schatzmeister<\/strong><\/td>\n<td style=\"width: 67.5%;\">Verantwortlich f\u00fcr die Finanzen des Vereins, organisiert Projekte<\/p>\n<p>beruflicher Hintergrund: Bankkaufmann<\/td>\n<\/tr>\n<\/tbody>\n<\/table>\n<table style=\"border-collapse: collapse; width: 100%;\">\n<tbody>\n<tr>\n<td style=\"width: 32.894737%; text-align: center;\"><strong>Julia Leinekker<\/strong><\/td>\n<td style=\"width: 67.105263%;\"><\/td>\n<\/tr>\n<tr>\n<td style=\"width: 32.894737%;\"><\/td>\n<td style=\"width: 67.105263%;\"><\/td>\n<\/tr>\n<tr>\n<td style=\"width: 32.894737%; text-align: center;\"><strong>Schriftf\u00fchrerin<\/strong><\/td>\n<td style=\"width: 67.105263%;\">\n<p style=\"text-align: left;\">Erledigt den Schriftverkehr, Protokolle, organisiert Projekte, Dolmetscheraufgaben<\/p>\n<p style=\"text-align: left;\">Beruflicher Hintergrund:<br \/>\nWirtschaftsingenieurin<\/p>\n<\/td>\n<\/tr>\n<\/tbody>\n<\/table>\n<p>&nbsp;<\/p>\n<p><strong>Beirat:<\/strong><\/p>\n<p><strong>Bernd M\u00fcller,\u00a0<\/strong>Angestellter \u00a0bei der Fernuniversit\u00e4t Hagen; Berater in Medienangelegenheiten (hat diese Internetseite wesentlich gestaltet), organisiert und begleitet Kunstprojekte<\/p>\n<p><a href=\"https:\/\/www.freundeskreis-hagen-smolensk.de\/de\/wp-content\/uploads\/mueller.jpg\" data-rel=\"lightbox-image-3\" data-magnific_type=\"image\" data-rl_title=\"\" data-rl_caption=\"\" title=\"\"><img loading=\"lazy\" class=\"size-full wp-image-24301 alignleft\" src=\"https:\/\/www.freundeskreis-hagen-smolensk.de\/de\/wp-content\/uploads\/mueller.jpg\" alt=\"\" width=\"200\" height=\"151\" \/><\/a><\/p>\n<p>&nbsp;<\/p>\n<p>&nbsp;<\/p>\n<p>&nbsp;<\/p>\n<p>&nbsp;<\/p>\n<p>&nbsp;<\/p>\n<p><strong>Postanschrift:<\/strong> Freundeskreis Hagen-Smolensk e. V., Postfach 1007, 58010 Hagen<\/p>\n<p>&nbsp;<\/p>\n<p><strong>Ehemalige Vorstandsmitglieder:<\/strong><\/p>\n<p>erster Vorsitzender &#8211; Klaus Beermann<\/p>\n<p>stellvertretender Vorsitzender &#8211; G\u00fcnther Grundmann, Sabine Gerlich, Wolfgang Luck, J\u00fcrgen Henter<\/p>\n<p>Schatzmeister &#8211; \u00a0Gerd Walter, Bernd Suermann<\/p>\n<p>Schriftf\u00fchrer\/in &#8211; Rolf Kriegesmann, Jan Pfennig<\/p>\n<p>Beisitzer &#8211; Horst Schneider<\/p>\n<p>&nbsp;<\/p>\n<p><strong>B\u00fcrgerpreise:<\/strong><\/p>\n<p><strong>Im Jahre 2006 wurde der Verein f\u00fcr die erfolgreiche Durchf\u00fchrung von zwei Projekten bei der Verleihung des B\u00fcrgerpreises ausgezeichnet.<\/strong><\/p>\n","protected":false},"excerpt":{"rendered":"<p>Vorstand ab April 2025 \u200b Hans-Werner Engel Vorsitzender Koordiniert die Arbeit des Vorstandes, organisiert Projekte, h\u00e4lt Kontakte zu Partnern in Hagen und Smolensk. Beruflicher Hintergrund: Verwaltungsbeamter a. D. Xenia Kersteins stellv. Vorsitzende Koordiniert die Kommunikation mit Partnern, organisiert Projekte des akademischen Austausch Beruflicher Hintergrund: Wirtschaftsingenieurin &nbsp; Michael Lehr Schatzmeister Verantwortlich f\u00fcr die Finanzen des Vereins,&hellip; <span class=\"kuorinka-read-more\"><a href=\"https:\/\/www.freundeskreis-hagen-smolensk.de\/de\/verein\/unterseite-verein\/\" class=\"more-link\">Weiterlesen <span class=\"screen-reader-text\">Vorstand<\/span><\/a><\/span><\/p>\n","protected":false},"author":1,"featured_media":0,"parent":11,"menu_order":1,"comment_status":"open","ping_status":"open","template":"","meta":{"ngg_post_thumbnail":0},"_links":{"self":[{"href":"https:\/\/www.freundeskreis-hagen-smolensk.de\/de\/wp-json\/wp\/v2\/pages\/13"}],"collection":[{"href":"https:\/\/www.freundeskreis-hagen-smolensk.de\/de\/wp-json\/wp\/v2\/pages"}],"about":[{"href":"https:\/\/www.freundeskreis-hagen-smolensk.de\/de\/wp-json\/wp\/v2\/types\/page"}],"author":[{"embeddable":true,"href":"https:\/\/www.freundeskreis-hagen-smolensk.de\/de\/wp-json\/wp\/v2\/users\/1"}],"replies":[{"embeddable":true,"href":"https:\/\/www.freundeskreis-hagen-smolensk.de\/de\/wp-json\/wp\/v2\/comments?post=13"}],"version-history":[{"count":127,"href":"https:\/\/www.freundeskreis-hagen-smolensk.de\/de\/wp-json\/wp\/v2\/pages\/13\/revisions"}],"predecessor-version":[{"id":636,"href":"https:\/\/www.freundeskreis-hagen-smolensk.de\/de\/wp-json\/wp\/v2\/pages\/13\/revisions\/636"}],"up":[{"embeddable":true,"href":"https:\/\/www.freundeskreis-hagen-smolensk.de\/de\/wp-json\/wp\/v2\/pages\/11"}],"wp:attachment":[{"href":"https:\/\/www.freundeskreis-hagen-smolensk.de\/de\/wp-json\/wp\/v2\/media?parent=13"}],"curies":[{"name":"wp","href":"https:\/\/api.w.org\/{rel}","templated":true}]}}