{"id":11,"date":"2008-06-20T15:04:26","date_gmt":"2008-06-20T13:04:26","guid":{"rendered":"http:\/\/www.freundeskreis-hagen-smolensk.de\/de\/?page_id=11"},"modified":"2025-06-24T13:34:52","modified_gmt":"2025-06-24T11:34:52","slug":"verein","status":"publish","type":"page","link":"https:\/\/www.freundeskreis-hagen-smolensk.de\/de\/verein\/","title":{"rendered":"Verein"},"content":{"rendered":"<p>Der Freundeskreis <a href=\"http:\/\/de.wikipedia.org\/wiki\/Hagen\">Hagen<\/a>&#8211;<a href=\"http:\/\/www.admcity.smolensk.ru\/\">Smolensk<\/a> e.V. wurde am 11.04.2005 ins Vereinsregister des Amtsgerichts Hagen, Registerblatt 6 VR 2402 eingetragen. Er ist vom Finanzamt Hagen mit aktuellem Freistellungsbescheid vom 05.06.2024 unter der Steuer-Nr.: 321\/5778\/1608 als gemeinn\u00fctzig anerkannt und deshalb von K\u00f6rperschaftsteuer und Gewerbesteuer befreit. Unsere Satzungszwecke entsprechen \u00a7 52 Abs. 2 Satz 1 Nr. 13 AO &#8211; dort hei\u00dft das: &#8222;F\u00f6rderung internationaler Gesinnung auf allen Gebieten der Kultur und des V\u00f6lkerverst\u00e4ndigungsgedankens&#8220;.<\/p>\n<p>V\u00f6lkerverst\u00e4ndigung bedeutet f\u00fcr uns, dass wir die Menschen so akzeptieren wie sie sind, ihnen respektvoll begegnen und tolerant miteinander umgehen und wir gehen davon aus, dass wir dadurch sehr viel \u00fcber- und voneinander lernen werden.<\/p>\n<p>In Abstimmung g mit der Stadt Hagen und der Stadt Smolensk ruht derzeit unser Projektarbeit, weil Austauschprogramme nicht durchf\u00fchrbar sind.<\/p>\n<p>Wie wir dieses Ziel erreichen wollen, wie wir dabei vorgehen und welche Ergebnisse wir bisher erzielt haben k\u00f6nnen dem Pdf-Dokument\u00a0<a href=\"http:\/\/www.freundeskreis-hagen-smolensk.de\/de\/wp-content\/uploads\/2015-Freundeskreis-Ziele-Kopie.pdf\" rel=\"\">\u00a0<\/a><a href=\"http:\/\/www.freundeskreis-hagen-smolensk.de\/de\/wp-content\/uploads\/2015-Freundeskreis-Ziele.pdf\" rel=\"\">2015 Freundeskreis &#8211; Ziele<\/a><a href=\"http:\/\/www.freundeskreis-hagen-smolensk.de\/de\/wp-content\/uploads\/2015-Freundeskreis-Ziele-Kopie.pdf\" rel=\"\">\u00a0<\/a>entnehmen.<\/p>\n<p>Gemeinn\u00fctzig bedeutet, dass sich der Vorstand, sowie alle Mitglieder, ehrenamtlich f\u00fcr die Vereinsziele einsetzen, das hei\u00dft:<\/p>\n<ul>\n<li>in ihrer Freizeit f\u00fcr den Verein t\u00e4tig sind<\/li>\n<li>kein\u00a0Entgelt f\u00fcr ihre Arbeit erhalten<\/li>\n<li>durch ihre Arbeit dem Wohle des Vereins und der Allgemeinheit dienen<\/li>\n<li>alle Einnahmen flie\u00dfen grunds\u00e4tzlich in die Projekte des Vereins<\/li>\n<li>dass der Verein aufgrund seiner Zielsetzung von Steuerpflichten befreit ist<\/li>\n<li>dass der Verein f\u00fcr Geld- und Sachspenden Bescheinigungen (lt. o.g. Freistellungsbescheid) ausstellen darf; das gilt auch f\u00fcr Vereinsbeitr\u00e4ge<\/li>\n<\/ul>\n<p>Bei unserer Arbeit beachten wir die Regeln des Vertrags \u00fcber die Partnerschaft zwischen der Stadt Smolensk und der Stadt Hagen.<\/p>\n<h4>Mitglieder<\/h4>\n<p>Der Freundeskreis hat zu Beginn des Jahres 2024 <strong>57 ordentliche Mitglieder<\/strong> &#8211; zus\u00e4tzlich hat der Verein <strong>16 kooptierte Mitglieder in Smolensk und jeweils ein kooptiertes Mitglied lebt in Australien bzw. in <\/strong><b>England,<\/b> die unsere Arbeit von dort als Organisatoren, Gastgeber und Dolmetscher\/innen unterst\u00fctzen. Kooptierte Mitglieder zahlen keinen Mitgliedsbeitrag und haben kein Stimmrecht in der Mitgliederversammlung.<\/p>\n<p>Unsere Mitglieder sind:<\/p>\n<p>Studierende, Einzelpersonen, Familien, F\u00f6rderer, Genossenschaften und juristische Personen (BGB).<\/p>\n<h4>Mitgliederversammlung<\/h4>\n<p>Wird vom Vorsitzenden mindestens einmal im Jahr einberufen. Der Vorstand muss vor der Mitgliederversammlung seine Arbeit verantworten. Die sog. \u201eOrdentliche Mitgliederversammlung\u201c wird Jahreshauptversammlung genannt. W\u00e4hrend dieser Sitzung sind mindestens die in der Satzung genannten Pflichtpunkte zu besprechen. Teilnahmeberechtigt sind nur die ordentlichen Mitglieder<\/p>\n<h4>Gastgeber<\/h4>\n<p>Dem Verein stehen \u00fcber 100 Wohnraumangebote zur Verf\u00fcgung. Allein 93 kommen von Einzelpersonen und Familien &#8211;\u00a0 zudem weitere Unterk\u00fcnfte (Hotels, Jugendherberge, einzelne Wohnungen\u2026), die unsere G\u00e4ste aufnehmen, ver- und umsorgen. Ohne diese Gastgeber w\u00e4re unsere Arbeit nicht m\u00f6glich. Die Privatpersonen, die G\u00e4ste aufnehmen, erhalten von uns f\u00fcr die Sachaufwendungen eine Spendenbescheinigung. F\u00fcr uns ist es ein klar definiertes Ziel, dass die Smolensker G\u00e4ste\u00a0bei\u00a0Hagener Familien wohnen, damit sie mit Deutschen Kontakt haben und etwas vom Leben in Deutschland erfahren und nach Hause mitnehmen. Dabei\u00a0ber\u00fccksichtigen wir sowohl die Interessen und W\u00fcnsche der G\u00e4ste, als auch die der Gastgeber. Wir legen Wert darauf, unsere Gastgeber nicht zu \u00fcberfordern und unseren G\u00e4sten stets gute Unterk\u00fcnfte zu garantieren. Deshalb beschr\u00e4nken wir uns darauf, j\u00e4hrlich maximal 50 G\u00e4ste aus Smolensk einzuladen.<\/p>\n<h4>Pr\u00fcfer<\/h4>\n<p>Zwei gew\u00e4hlte Pr\u00fcferinnen oder Pr\u00fcfer, aktuell Frau Alexandrs Ilina und Herr Bernd Suermann, pr\u00fcfen zum Jahresende die Kassengesch\u00e4fte auf der Grundlage des Kontogegenbuchs, der vom Schatzmeister erstellten kaufm\u00e4nnischen Buchf\u00fchrung, der sich daraus ergebenden Bilanz und berichten dem Vorstand schriftlich \u00fcber ihre Erkenntnisse \u00a0und m\u00fcndlich w\u00e4hrend der Jahreshauptversammlung.<\/p>\n<h4>Partner<\/h4>\n<p>Derzeit arbeiten wir mit \u00fcber 400 Partnern zusammen (Einzelpersonen, K\u00fcnstlern, Gruppen, Vereinen, Firmen, Sparkasse\/Banken, Stiftungen, Beh\u00f6rden, Universit\u00e4ten, Seminaren, Schulen\u2026.). Die Partner sind wichtige Garanten f\u00fcr unsere erfolgreiche Projektarbeit.<\/p>\n<h4><a href=\"http:\/\/www.freundeskreis-hagen-smolensk.de\/de\/?cat=17\">K\u00fcnstler<\/a><\/h4>\n<p>Mit K\u00fcnstlern der unterschiedlichsten Stilrichtungen pflegen wir gute Kontakte. Wir stellen die K\u00fcnstler auf dieser Internetseite\u00a0vor. Die Zusammenarbeit ist je nach Projekt mehr oder weniger intensiv. Jedes Jahr kommen neue k\u00fcnstlerische\u00a0Begegnungen zustande und wir hoffen, dass uns alle beteiligten Menschen verbunden bleiben.<\/p>\n<h4>Planung<\/h4>\n<p>Unsere Projekte, insbesondere Gro\u00dfprojekte, haben einen Planungsvorlauf von ca. 1 bis 2 Jahren &#8211; machmal noch l\u00e4nger. Das h\u00e4ngt wesentlich an der Abstimmung mit unseren Partnern in Deutschland, aber auch der Finanzierung zusammen. Wir planen jetzt schon die Projekte f\u00fcr die Jahre 2021 und danach. 2010 war das Jahr in dem die St\u00e4dtepartnerschaft Hagen-Smolensk 25 Jahre bestand und das haben wir geb\u00fchrenden gefeiert. Als Partner von RUHR.2010-Kulturhauptstadt Europa waren wir f\u00fcr das <a href=\"vhttp:\/\/www.freundeskreis-hagen-smolensk.de\/de\/?cat=22\">Hagen-Smolensk-Projekt &#8222;Wo ist Zuhause?&#8220;<\/a> verantwortlich. 2010 haben wir zudem in Hagen das erste und<a href=\"http:\/\/www.freundeskreis-hagen-smolensk.de\/de\/?cat=23\"> bisher einzige Kunstwerk auf der Welt zu den Kinderrechten<\/a> im \u00f6ffentlichen Raum aufgestellt. Uns ist es gelungen junge Menschen, auch in Smolensk, f\u00fcr unsere Aufgaben\u00a0zu gewinnen, die zielgerichtete Projektarbeit bei und von uns lernen. Wir verbinden damit die Hoffnung, dass st\u00e4dtepartnerschaftlicher Austausch zuk\u00fcnftig nicht nur eine Sache \u00e4lterer Menschen ist, sondern vielmehr junge Menschen einen erheblichen Anteil daran haben. Den Gedanken der <a href=\"http:\/\/de.wikipedia.org\/wiki\/Inklusion_(P\u00e4dagogik)\">Inklusi<\/a>on\u00a0in Kultur und Bildung verbinden wir mit dem <a href=\"http:\/\/www.freundeskreis-hagen-smolensk.de\/de\/?p=3112\">Wettbewerb &#8222;Junge Kunst Hagen-Smolensk&#8220;<\/a>, den wir nach der ersten Durchf\u00fchrung im Jahre 2012 im Abstand von zwei bis drei Jahren in Hagen und in Smolensk\u00a0 fortf\u00fchren werden &#8211; 2020\/2021 hei\u00dft der Wettbewerb &#8222;Junge5Kunst&#8220;. Den akademischen Austausch pflegen wir in den Bereichen Geisteswissenschaften (Sprachen, Journalistik, P\u00e4dagogik), Kulturwissenschaften (bildende Kunst, darstellende Kunst, Musik) und Wirtschaftswissenschaften (BWL). 2019 haben wir einen Kooperationsvertrag mit der Philharmonie in Smolensk abgeschlossen &#8211; im Mai 2020 werden Hagenern Jazz-Musiker nach Smolensk reisen und in \u00a0der Philharmonie auftreten &#8211; im Herbst 2020 werden K\u00fcnstlerinnen der Philharmonie min Hagen zu Konzerten erwartet.<\/p>\n<h4>Organisation<\/h4>\n<p>2019 wirken mehr als 20 Personen, \u00fcberwiegend unsere Mitglieder (J\u00fcrgen Henter, Bernd Mai, Wolfgang Luck, Dr. Olga und Hans-Werner Engel, Michael Lehr, Alexandra Kehl, Lyudmila Moyak, Verena und Bernd M\u00fcller, Bernd und Ingeborg Suermann, Sandra Opitz, Xenia Kerstins, Dario Weberg, Martin Br\u00f6demann, Michael N\u00f6lle, J\u00f6rg Ruhwedel, Dr. Ortwin Peithmann, und Verena Baltes, Ekaterina Zakharova, Anastasia Kozlova, Aleksej Dovgan, Elena Chmurova) an der Organisation von Projekten mit. Den Kontakt zu unseren Smolensker Partnern in russischer Sprache halten Dr. Olga Engel und Aleksandra Ilina, Ekaterina Khramova, Xenia Kerstiens und in Smolensk Aleksej Dovgan und Elena Chmurova, Natalia Romanova, Yulia Domashevich, Anastasia Kozlova\u00a0sowie Yulia Tarasenkova, Ksenia Zaftur, Ekaterina Zakharova sowie Tamara Maximchuk.<\/p>\n<p>Jede Projektorganisation ist individuell und wird st\u00e4ndig \u00fcberarbeitet und dem Vorstand zur Information vorgelegt. Die Durchf\u00fchrung der Projekte und deren Finanzierung beschlie\u00dft allein der Vorstand. Allerdings sind eine Person oder mehrere Personen f\u00fcr das jeweilige Projekt Ansprechpartner und Verantwortliche.<\/p>\n<h4>Abrechnungen<\/h4>\n<p>Die Projektverantwortlichen m\u00fcssen dem Vorstand die Projektabrechnung nach Abschluss der Projekte vorlegen. Der Vorstand vergleicht die Abrechnung mit den Buchungen in der kaufm\u00e4nnischen Buchf\u00fchrung und des Kontogegenbuches des Schatzmeisters und fasst dazu einen Beschluss &#8211; bei Unterdeckung \u00fcber den Ausgleich und bei \u00dcberdeckung \u00fcber die zuk\u00fcnftige Mittelverwendung. Grunds\u00e4tzlich soll immer ein kleiner Betrag \u00fcbrig bleiben, der in eine R\u00fccklage gestellt wird, um zuk\u00fcnftige Projekte finanzieren zu k\u00f6nnen.<\/p>\n","protected":false},"excerpt":{"rendered":"<p>Der Freundeskreis Hagen&#8211;Smolensk e.V. wurde am 11.04.2005 ins Vereinsregister des Amtsgerichts Hagen, Registerblatt 6 VR 2402 eingetragen. Er ist vom Finanzamt Hagen mit aktuellem Freistellungsbescheid vom 05.06.2024 unter der Steuer-Nr.: 321\/5778\/1608 als gemeinn\u00fctzig anerkannt und deshalb von K\u00f6rperschaftsteuer und Gewerbesteuer befreit. Unsere Satzungszwecke entsprechen \u00a7 52 Abs. 2 Satz 1 Nr. 13 AO &#8211; dort&hellip; <span class=\"kuorinka-read-more\"><a href=\"https:\/\/www.freundeskreis-hagen-smolensk.de\/de\/verein\/\" class=\"more-link\">Weiterlesen <span class=\"screen-reader-text\">Verein<\/span><\/a><\/span><\/p>\n","protected":false},"author":2,"featured_media":0,"parent":0,"menu_order":0,"comment_status":"open","ping_status":"open","template":"","meta":{"ngg_post_thumbnail":0},"_links":{"self":[{"href":"https:\/\/www.freundeskreis-hagen-smolensk.de\/de\/wp-json\/wp\/v2\/pages\/11"}],"collection":[{"href":"https:\/\/www.freundeskreis-hagen-smolensk.de\/de\/wp-json\/wp\/v2\/pages"}],"about":[{"href":"https:\/\/www.freundeskreis-hagen-smolensk.de\/de\/wp-json\/wp\/v2\/types\/page"}],"author":[{"embeddable":true,"href":"https:\/\/www.freundeskreis-hagen-smolensk.de\/de\/wp-json\/wp\/v2\/users\/2"}],"replies":[{"embeddable":true,"href":"https:\/\/www.freundeskreis-hagen-smolensk.de\/de\/wp-json\/wp\/v2\/comments?post=11"}],"version-history":[{"count":166,"href":"https:\/\/www.freundeskreis-hagen-smolensk.de\/de\/wp-json\/wp\/v2\/pages\/11\/revisions"}],"predecessor-version":[{"id":25277,"href":"https:\/\/www.freundeskreis-hagen-smolensk.de\/de\/wp-json\/wp\/v2\/pages\/11\/revisions\/25277"}],"wp:attachment":[{"href":"https:\/\/www.freundeskreis-hagen-smolensk.de\/de\/wp-json\/wp\/v2\/media?parent=11"}],"curies":[{"name":"wp","href":"https:\/\/api.w.org\/{rel}","templated":true}]}}